{"id":1112,"date":"2024-11-29T11:01:58","date_gmt":"2024-11-29T09:01:58","guid":{"rendered":"https:\/\/oxomuseomadrid.com\/?page_id=1112"},"modified":"2025-02-17T15:07:06","modified_gmt":"2025-02-17T13:07:06","slug":"amigos-corporativos","status":"publish","type":"page","link":"https:\/\/oxomuseomadrid.com\/en\/amigos-corporativos\/","title":{"rendered":"Corporate Friends"},"content":{"rendered":"<h1>AMIGOS<br \/>CORPORATIVOS<\/h1>\n<h1>AMIGOS<br \/>CORPORATIVOS<\/h1>\n<h1>PATROCINIOS Y COLABORACIONES<\/h1>\n<div>\n<p>Los amigos corporativos de OXO Museo del Videojuego Madrid juegan un papel fundamental en la preservaci\u00f3n y promoci\u00f3n de nuestra exposici\u00f3n, as\u00ed como en el impulso de las diversas actividades y eventos que organizamos a lo largo del a\u00f1o.<\/p>\n<\/div>\n<h1>PATROCINIOS Y COLABORACIONES<\/h1>\n<div>\n<p>Los amigos corporativos de OXO Museo del Videojuego Madrid juegan un papel fundamental en la preservaci\u00f3n y promoci\u00f3n de nuestra exposici\u00f3n, as\u00ed como en el impulso de las diversas actividades y eventos que organizamos a lo largo del a\u00f1o.<\/p>\n<\/div>\n<p><img decoding=\"async\" src=\"\/wp-content\/uploads\/2024\/11\/logos-para-web.jpg\" alt=\"\" title=\"\"><br \/>\n<img decoding=\"async\" src=\"\/wp-content\/uploads\/2024\/11\/logos-para-web.jpg\" alt=\"\" title=\"\"><\/p>\n<p><!--more--><br \/>\n<!-- {\"type\":\"layout\",\"children\":[{\"type\":\"section\",\"props\":{\"css\":\".el-section{\\n    background-color: #fff;\\n}\\n\",\"header_transparent\":false,\"height\":\"viewport\",\"height_viewport\":50,\"image\":\"wp-content\\\/uploads\\\/2024\\\/11\\\/banner.jpg\",\"image_position\":\"top-center\",\"image_size\":\"cover\",\"padding\":\"small\",\"padding_remove_bottom\":true,\"style\":\"default\",\"title_breakpoint\":\"xl\",\"title_position\":\"top-left\",\"title_rotation\":\"left\",\"vertical_align\":\"middle\",\"width\":\"\"},\"children\":[{\"type\":\"row\",\"children\":[{\"type\":\"column\",\"props\":{\"image_position\":\"center-center\",\"position_sticky_breakpoint\":\"m\"},\"children\":[{\"type\":\"headline\",\"props\":{\"content\":\"AMIGOS<br \\\/>CORPORATIVOS\",\"css\":\".el-element{\\n    line-height:0.9;\\n}\\n\",\"text_align\":\"center\",\"title_element\":\"h1\",\"title_style\":\"heading-large\",\"visibility\":\"l\"}}]}]}]},{\"type\":\"section\",\"props\":{\"css\":\".el-section{\\n    background-color: #fff;\\n}\\n\",\"header_transparent\":false,\"height\":\"viewport\",\"height_viewport\":50,\"image\":\"wp-content\\\/uploads\\\/2024\\\/11\\\/banner-movil.jpg\",\"image_position\":\"top-center\",\"image_size\":\"cover\",\"media_overlay\":\"rgba(0, 0, 0, 0.24)\",\"padding\":\"small\",\"padding_remove_bottom\":true,\"style\":\"default\",\"title_breakpoint\":\"xl\",\"title_position\":\"top-left\",\"title_rotation\":\"left\",\"vertical_align\":\"middle\",\"width\":\"\"},\"children\":[{\"type\":\"row\",\"children\":[{\"type\":\"column\",\"props\":{\"image_position\":\"center-center\",\"position_sticky_breakpoint\":\"m\"},\"children\":[{\"type\":\"headline\",\"props\":{\"content\":\"AMIGOS<br \\\/>CORPORATIVOS\",\"css\":\".el-element{\\n    line-height:0.9;\\n}\\n\",\"text_align\":\"center\",\"title_element\":\"h1\",\"title_style\":\"heading-small\",\"visibility\":\"hidden-l\"}}]}]}]},{\"type\":\"section\",\"props\":{\"css\":\".el-section{\\n    background-color: #fff;\\n}\\n\",\"header_transparent\":false,\"height\":\"viewport\",\"height_viewport\":30,\"image_position\":\"top-center\",\"image_size\":\"cover\",\"padding\":\"small\",\"padding_remove_bottom\":true,\"style\":\"default\",\"title_breakpoint\":\"xl\",\"title_position\":\"top-left\",\"title_rotation\":\"left\",\"vertical_align\":\"middle\",\"width\":\"default\"},\"children\":[{\"type\":\"row\",\"children\":[{\"type\":\"column\",\"props\":{\"image_position\":\"center-center\",\"position_sticky_breakpoint\":\"m\"},\"children\":[{\"type\":\"headline\",\"props\":{\"content\":\"PATROCINIOS Y COLABORACIONES\",\"css\":\".el-element{\\n    color: #000;\\n}\",\"text_align\":\"center\",\"title_element\":\"h1\",\"title_style\":\"h4\",\"visibility\":\"l\"}},{\"type\":\"text\",\"props\":{\"block_align\":\"center\",\"column_breakpoint\":\"m\",\"content\":\"\n\n<p>Los amigos corporativos de OXO Museo del Videojuego Madrid juegan un papel fundamental en la preservaci\\u00f3n y promoci\\u00f3n de nuestra exposici\\u00f3n, as\\u00ed como en el impulso de las diversas actividades y eventos que organizamos a lo largo del a\\u00f1o.<\\\/p>\",\"css\":\".el-element{\\n    color: #000;\\n}\\n\",\"margin\":\"remove-vertical\",\"maxwidth\":\"2xlarge\",\"text_align\":\"center\",\"visibility\":\"l\"}},{\"type\":\"headline\",\"props\":{\"content\":\"PATROCINIOS Y COLABORACIONES\",\"css\":\".el-element{\\n    color: #000;\\n}\",\"margin\":\"remove-vertical\",\"text_align\":\"center\",\"title_element\":\"h1\",\"title_style\":\"h4\",\"visibility\":\"hidden-l\"}},{\"type\":\"text\",\"props\":{\"block_align\":\"center\",\"column_breakpoint\":\"m\",\"content\":\"\n\n<p>Los amigos corporativos de OXO Museo del Videojuego Madrid juegan un papel fundamental en la preservaci\\u00f3n y promoci\\u00f3n de nuestra exposici\\u00f3n, as\\u00ed como en el impulso de las diversas actividades y eventos que organizamos a lo largo del a\\u00f1o.<\\\/p>\",\"css\":\".el-element{\\n    color: #000;\\n}\\n\",\"margin\":\"remove-vertical\",\"maxwidth\":\"2xlarge\",\"text_align\":\"center\",\"visibility\":\"hidden-l\"}}]}]}]},{\"type\":\"section\",\"props\":{\"css\":\".el-section{\\n    background-color: #fff;\\n}\\n\",\"image_position\":\"center-center\",\"status\":\"disabled\",\"style\":\"default\",\"title_breakpoint\":\"xl\",\"title_position\":\"top-left\",\"title_rotation\":\"left\",\"vertical_align\":\"middle\",\"width\":\"default\"},\"children\":[{\"type\":\"row\",\"children\":[{\"type\":\"column\",\"props\":{\"image_position\":\"center-center\",\"position_sticky_breakpoint\":\"m\"},\"children\":[{\"type\":\"headline\",\"props\":{\"content\":\"PATROCINADOR OFICIAL\",\"css\":\".el-element{\\n    font-style: 'ACUMIN PRO';\\n    font-size: 18px;\\n    font-style: bold;\\n    color: #000;\\n}\\n\",\"text_align\":\"center\",\"title_element\":\"h1\"}},{\"type\":\"image\",\"props\":{\"block_align\":\"center\",\"image\":\"wp-content\\\/uploads\\\/2024\\\/11\\\/turismocostadelsol0316317092271631709227.png\",\"image_height\":70,\"image_svg_color\":\"emphasis\",\"margin\":\"default\",\"maxwidth\":\"medium\",\"text_align\":\"center\"}},{\"type\":\"headline\",\"props\":{\"content\":\"PARTNERS\",\"css\":\".el-element{\\n    font-style: 'ACUMIN PRO';\\n    font-size: 15px;\\n    font-style: bold;\\n    color: #000;\\n}\\n\",\"text_align\":\"center\",\"title_element\":\"h1\"}},{\"type\":\"grid\",\"props\":{\"block_align\":\"center\",\"content_column_breakpoint\":\"m\",\"css\":\"\\n\",\"filter_align\":\"left\",\"filter_all\":true,\"filter_grid_breakpoint\":\"m\",\"filter_grid_width\":\"auto\",\"filter_position\":\"top\",\"filter_style\":\"tab\",\"grid_column_align\":true,\"grid_default\":\"1\",\"grid_medium\":\"3\",\"grid_row_align\":true,\"icon_width\":80,\"image_align\":\"top\",\"image_grid_breakpoint\":\"m\",\"image_grid_width\":\"1-2\",\"image_height\":\"70\",\"image_svg_color\":\"emphasis\",\"item_animation\":true,\"lightbox_bg_close\":true,\"link_style\":\"default\",\"link_text\":\"Read more\",\"margin\":\"default\",\"maxwidth\":\"large\",\"meta_align\":\"below-title\",\"meta_element\":\"div\",\"meta_style\":\"text-meta\",\"show_content\":false,\"show_hover_image\":true,\"show_hover_video\":true,\"show_image\":true,\"show_link\":true,\"show_meta\":false,\"show_title\":false,\"show_video\":true,\"title_align\":\"top\",\"title_element\":\"h3\",\"title_grid_breakpoint\":\"m\",\"title_grid_width\":\"1-2\",\"title_hover_style\":\"reset\"},\"children\":[{\"type\":\"grid_item\",\"props\":{\"image\":\"wp-content\\\/uploads\\\/2024\\\/11\\\/AEVI.png\"}},{\"type\":\"grid_item\",\"props\":{\"image\":\"wp-content\\\/uploads\\\/2024\\\/11\\\/DEV.png\"}}]},{\"type\":\"headline\",\"props\":{\"content\":\"AMIGOS DEL MUSEO\",\"css\":\".el-element{\\n    font-style: 'ACUMIN PRO';\\n    font-size: 15px;\\n    font-style: bold;\\n    color: #000;\\n}\\n\",\"text_align\":\"center\",\"title_element\":\"h1\"}},{\"type\":\"grid\",\"props\":{\"block_align\":\"center\",\"content_column_breakpoint\":\"m\",\"filter_align\":\"left\",\"filter_all\":true,\"filter_grid_breakpoint\":\"m\",\"filter_grid_width\":\"auto\",\"filter_position\":\"top\",\"filter_style\":\"tab\",\"grid_column_align\":true,\"grid_column_gap\":\"collapse\",\"grid_default\":\"1\",\"grid_large\":\"5\",\"grid_medium\":\"3\",\"grid_row_align\":true,\"grid_row_gap\":\"collapse\",\"icon_width\":80,\"image_align\":\"between\",\"image_grid_breakpoint\":\"m\",\"image_grid_width\":\"1-2\",\"image_height\":\"75\",\"image_svg_color\":\"emphasis\",\"item_animation\":true,\"lightbox_bg_close\":true,\"link_style\":\"default\",\"link_text\":\"Read more\",\"margin\":\"default\",\"meta_align\":\"below-title\",\"meta_element\":\"div\",\"meta_style\":\"text-meta\",\"show_content\":false,\"show_hover_image\":true,\"show_hover_video\":true,\"show_image\":true,\"show_link\":true,\"show_meta\":false,\"show_title\":false,\"show_video\":true,\"text_align\":\"center\",\"title_align\":\"top\",\"title_element\":\"h3\",\"title_grid_breakpoint\":\"m\",\"title_grid_width\":\"1-2\",\"title_hover_style\":\"reset\"},\"children\":[{\"type\":\"grid_item\",\"props\":{\"image\":\"wp-content\\\/uploads\\\/2024\\\/11\\\/lego.png\"}},{\"type\":\"grid_item\",\"props\":{\"image\":\"wp-content\\\/uploads\\\/2024\\\/11\\\/bandai-namco.png\"}},{\"type\":\"grid_item\",\"props\":{\"image\":\"wp-content\\\/uploads\\\/2024\\\/11\\\/LOGO-DOMINOS-.png\"}},{\"type\":\"grid_item\",\"props\":{\"image\":\"wp-content\\\/uploads\\\/2024\\\/11\\\/LOGO-FUNDACION-ONCE-1.png\"}}]},{\"type\":\"image\",\"props\":{\"image\":\"wp-content\\\/uploads\\\/2024\\\/11\\\/logo-fundacion-once.png\",\"image_svg_color\":\"emphasis\",\"image_width\":815,\"margin\":\"medium\",\"text_align\":\"center\"}},{\"type\":\"grid\",\"props\":{\"block_align\":\"center\",\"content_column_breakpoint\":\"m\",\"css\":\"\\n\",\"filter_align\":\"left\",\"filter_all\":true,\"filter_grid_breakpoint\":\"m\",\"filter_grid_width\":\"auto\",\"filter_position\":\"top\",\"filter_style\":\"tab\",\"grid_column_align\":true,\"grid_default\":\"1\",\"grid_large\":\"5\",\"grid_medium\":\"3\",\"grid_row_align\":true,\"icon_width\":80,\"image_align\":\"top\",\"image_grid_breakpoint\":\"m\",\"image_grid_width\":\"1-2\",\"image_height\":\"70\",\"image_svg_color\":\"emphasis\",\"item_animation\":true,\"lightbox_bg_close\":true,\"link_style\":\"default\",\"link_text\":\"Read more\",\"margin\":\"default\",\"meta_align\":\"below-title\",\"meta_element\":\"div\",\"meta_style\":\"text-meta\",\"show_content\":false,\"show_hover_image\":true,\"show_hover_video\":true,\"show_image\":true,\"show_link\":true,\"show_meta\":false,\"show_title\":false,\"show_video\":true,\"text_align\":\"center\",\"title_align\":\"top\",\"title_element\":\"h3\",\"title_grid_breakpoint\":\"m\",\"title_grid_width\":\"1-2\",\"title_hover_style\":\"reset\"},\"children\":[{\"type\":\"grid_item\",\"props\":{\"image\":\"wp-content\\\/uploads\\\/2024\\\/11\\\/posca.png\"}},{\"type\":\"grid_item\",\"props\":{\"image\":\"wp-content\\\/uploads\\\/2024\\\/11\\\/funko.png\"}},{\"type\":\"grid_item\",\"props\":{\"image\":\"wp-content\\\/uploads\\\/2024\\\/11\\\/invest.png\",\"title\":\"LOGO COLOR_POSITIVO (1)\"}}]},{\"type\":\"headline\",\"props\":{\"content\":\"COLABORADOR ESPECIAL\",\"css\":\".el-element{\\n    font-style: 'ACUMIN PRO';\\n    font-size: 15px;\\n    font-style: bold;\\n    color: #000;\\n}\\n\",\"text_align\":\"center\",\"title_element\":\"h1\"}},{\"type\":\"image\",\"props\":{\"image\":\"wp-content\\\/uploads\\\/2024\\\/11\\\/114260.png\",\"image_height\":65,\"image_svg_color\":\"emphasis\",\"margin\":\"default\",\"text_align\":\"center\"}}]}]}]},{\"type\":\"section\",\"props\":{\"css\":\".el-section{\\n    background-color: #fff;\\n}\\n\",\"image_position\":\"center-center\",\"style\":\"muted\",\"title_breakpoint\":\"xl\",\"title_position\":\"top-left\",\"title_rotation\":\"left\",\"vertical_align\":\"middle\",\"width\":\"default\"},\"children\":[{\"type\":\"row\",\"children\":[{\"type\":\"column\",\"props\":{\"image_position\":\"center-center\",\"position_sticky_breakpoint\":\"m\"},\"children\":[{\"type\":\"grid\",\"props\":{\"content_column_breakpoint\":\"m\",\"css\":\".el-content{\\n    background-color:#ececec;\\n}\\n.el-image{\\n    padding:10px;\\n}\\n\",\"filter_align\":\"left\",\"filter_all\":true,\"filter_grid_breakpoint\":\"m\",\"filter_grid_width\":\"auto\",\"filter_position\":\"top\",\"filter_style\":\"tab\",\"grid_column_align\":true,\"grid_default\":\"1\",\"grid_divider\":true,\"grid_medium\":\"3\",\"grid_row_align\":true,\"icon_width\":80,\"image_align\":\"top\",\"image_box_shadow\":\"small\",\"image_grid_breakpoint\":\"m\",\"image_grid_width\":\"1-2\",\"image_svg_color\":\"emphasis\",\"image_width\":250,\"item_animation\":true,\"lightbox_bg_close\":true,\"link_style\":\"default\",\"link_text\":\"Read more\",\"margin\":\"default\",\"meta_align\":\"below-title\",\"meta_element\":\"div\",\"meta_style\":\"text-meta\",\"show_content\":true,\"show_hover_image\":true,\"show_hover_video\":true,\"show_image\":true,\"show_link\":true,\"show_meta\":true,\"show_title\":true,\"show_video\":true,\"status\":\"disabled\",\"text_align\":\"center\",\"title_align\":\"top\",\"title_element\":\"h3\",\"title_grid_breakpoint\":\"m\",\"title_grid_width\":\"1-2\",\"title_hover_style\":\"reset\"},\"children\":[{\"type\":\"grid_item\",\"props\":{\"image\":\"wp-content\\\/uploads\\\/2025\\\/02\\\/logo-costa.svg\"}}]}]}]}]},{\"type\":\"section\",\"props\":{\"css\":\".el-section{\\n    background-color: #fff;\\n}\",\"image_position\":\"center-center\",\"style\":\"muted\",\"title_breakpoint\":\"xl\",\"title_position\":\"top-left\",\"title_rotation\":\"left\",\"vertical_align\":\"middle\",\"width\":\"\"},\"children\":[{\"type\":\"row\",\"children\":[{\"type\":\"column\",\"props\":{\"image_position\":\"center-center\",\"position_sticky_breakpoint\":\"m\"},\"children\":[{\"type\":\"image\",\"props\":{\"block_align\":\"center\",\"container_padding_remove\":false,\"image\":\"wp-content\\\/uploads\\\/2024\\\/11\\\/logos-para-web.jpg\",\"image_height\":600,\"image_svg_color\":\"emphasis\",\"margin\":\"default\",\"text_align\":\"center\",\"visibility\":\"l\"}},{\"type\":\"image\",\"props\":{\"block_align\":\"center\",\"image\":\"wp-content\\\/uploads\\\/2024\\\/11\\\/logos-para-web.jpg\",\"image_svg_color\":\"emphasis\",\"margin\":\"default\",\"text_align\":\"center\",\"visibility\":\"hidden-l\"}}]}]}]}],\"version\":\"4.5.3\"} --><\/p>\n","protected":false},"excerpt":{"rendered":"<p>AMIGOSCORPORATIVOS AMIGOSCORPORATIVOS PATROCINIOS Y COLABORACIONES Los amigos corporativos de OXO Museo del Videojuego Madrid juegan un papel fundamental en la preservaci\u00f3n y promoci\u00f3n de nuestra exposici\u00f3n, as\u00ed como en el impulso de las diversas actividades y eventos que organizamos a lo largo del a\u00f1o. PATROCINIOS Y COLABORACIONES Los amigos corporativos de OXO Museo del Videojuego [&hellip;]<\/p>\n","protected":false},"author":1,"featured_media":0,"parent":0,"menu_order":0,"comment_status":"closed","ping_status":"closed","template":"","meta":{"footnotes":""},"class_list":["post-1112","page","type-page","status-publish","hentry"],"_links":{"self":[{"href":"https:\/\/oxomuseomadrid.com\/en\/wp-json\/wp\/v2\/pages\/1112","targetHints":{"allow":["GET"]}}],"collection":[{"href":"https:\/\/oxomuseomadrid.com\/en\/wp-json\/wp\/v2\/pages"}],"about":[{"href":"https:\/\/oxomuseomadrid.com\/en\/wp-json\/wp\/v2\/types\/page"}],"author":[{"embeddable":true,"href":"https:\/\/oxomuseomadrid.com\/en\/wp-json\/wp\/v2\/users\/1"}],"replies":[{"embeddable":true,"href":"https:\/\/oxomuseomadrid.com\/en\/wp-json\/wp\/v2\/comments?post=1112"}],"version-history":[{"count":0,"href":"https:\/\/oxomuseomadrid.com\/en\/wp-json\/wp\/v2\/pages\/1112\/revisions"}],"wp:attachment":[{"href":"https:\/\/oxomuseomadrid.com\/en\/wp-json\/wp\/v2\/media?parent=1112"}],"curies":[{"name":"wp","href":"https:\/\/api.w.org\/{rel}","templated":true}]}}