{"id":1350,"date":"2024-12-13T14:38:26","date_gmt":"2024-12-13T12:38:26","guid":{"rendered":"https:\/\/oxomuseomadrid.com\/?page_id=1350"},"modified":"2024-12-20T10:40:38","modified_gmt":"2024-12-20T08:40:38","slug":"los-pc-futbol-de-dinamic-multimedia","status":"publish","type":"page","link":"https:\/\/oxomuseomadrid.com\/en\/los-pc-futbol-de-dinamic-multimedia\/","title":{"rendered":"Los PC Futbol de dinamic multimedia"},"content":{"rendered":"<div>\n<p>PRESENTACI\u00d3N Y FIRMA DE LIBROS<\/p>\n<\/div>\n<h1>\u00abLOS PC F\u00daTBOL DE DINAMIC MULTIMEDIA\u00bb<\/h1>\n<h1>\u00abLOS PC F\u00daTBOL DE DINAMIC MULTIMEDIA\u00bb<\/h1>\n<div>\n<p>        <img decoding=\"async\" src=\"\/wp-content\/uploads\/2024\/12\/Mesa-de-trabajo-1.jpg\" alt=\"\" title=\"\"><\/p>\n<\/div>\n<ul>\n<li>\n<h3>Autor<\/h3>\n<div>\n<p>Albert Tranguany<\/p>\n<\/div>\n<\/li>\n<li>\n<h3>Fecha y hora<\/h3>\n<div>\n<p style=\"line-height: 1.2;\"><span>20 Diciembre, 2024<\/span><\/p>\n<p style=\"line-height: 0;\">17:00H<\/p>\n<\/div>\n<\/li>\n<\/ul>\n<div>\n<p data-pm-slice=\"1 1 []\"><span>El pr\u00f3ximo viernes 20 de diciembre, el Museo OXO del Videojuego de Madrid ser\u00e1 el escenario perfecto para un evento \u00fanico: la presentaci\u00f3n oficial y firma de ejemplares del libro <\/span><span><strong>\u201cLos PC F\u00fatbol de Dinamic Multimedia\u201d<\/strong><\/span><span>, la obra definitiva sobre la ic\u00f3nica saga que marc\u00f3 a generaciones de aficionados al f\u00fatbol y los videojuegos.<\/span><\/p>\n<\/div>\n<div>\n<p data-pm-slice=\"1 1 []\"><span>El autor, <\/span><span><strong>Albert Traguany Minguell<\/strong><\/span><span>, editor de Kodro Magazine y el mayor experto mundial en PC F\u00fatbol, recoger\u00e1 junto a <\/span><span><strong>Pablo Ruiz<\/strong><\/span><span>, cofundador y CEO de Dinamic Multimedia, los momentos clave de esta franquicia en una sesi\u00f3n de firmas que comenzar\u00e1 a partir de las <\/span><span><strong>17:00 horas<\/strong><\/span><span>.<\/span><\/p>\n<p><span><strong>Un libro imprescindible para los nost\u00e1lgicos y coleccionistas<\/strong><\/span><span> En esta Edici\u00f3n de Oro, Albert Traguany despliega con brillantez todo el universo PC F\u00fatbol desde su creaci\u00f3n en 1992 por los hermanos Ruiz. Descubre c\u00f3mo naci\u00f3 y evolucion\u00f3 la f\u00f3rmula del juego, sus avances t\u00e9cnicos y las opciones de juego que lo convirtieron en un cl\u00e1sico indiscutible.<\/span><\/p>\n<p><span>Este libro tambi\u00e9n explora c\u00f3mo la saga traspas\u00f3 fronteras, conquistando pa\u00edses como Italia, Argentina, Reino Unido o Alemania, y documenta hitos como los spin-offs <\/span><span><strong>PC Real Madrid<\/strong><\/span><span>, <\/span><span><strong>PC Barcelona<\/strong><\/span><span> y <\/span><span><strong>PC Atl\u00e9tico de Madrid<\/strong><\/span><span>, adem\u00e1s de las ediciones centradas en la Selecci\u00f3n Espa\u00f1ola. Plagios, extensiones, entrevistas exclusivas y an\u00e9cdotas completan esta obra que todo amante de los videojuegos y el f\u00fatbol deber\u00eda tener en su biblioteca.<\/span><\/p>\n<p><span><strong>Un evento en el marco del 40\u00ba Aniversario Dinamic<\/strong><\/span><span> Este lanzamiento forma parte de las iniciativas especiales para celebrar el 40\u00ba aniversario de Dinamic, la m\u00edtica compa\u00f1\u00eda que revolucion\u00f3 los videojuegos en Espa\u00f1a.<\/span><\/p>\n<p><span><strong>Consigue tu ejemplar firmado<\/strong><\/span><span> Si a\u00fan no tienes el libro, esta es la oportunidad perfecta para hacerte con \u00e9l. Y si ya lo tienes, no olvides traer tu ejemplar: Albert Traguany y Pablo Ruiz estar\u00e1n encantados de dedic\u00e1rtelo.<\/span><\/p>\n<\/div>\n<div>\n<p>        <img decoding=\"async\" src=\"\/wp-content\/uploads\/2024\/12\/07_Partido_PC_Futbol_Dinamic.jpg\" alt=\"\" title=\"\"><\/p>\n<p><a href=\"\/wp-content\/themes\/yootheme\/packages\/theme\/assets\/images\/element-image-placeholder.png\"><\/a><\/p>\n<\/div>\n<div>\n<p>        <img decoding=\"async\" src=\"\/wp-content\/uploads\/2024\/12\/06_Tacticas_PC_Futbol_Dinamic.jpg\" alt=\"\" title=\"\"><\/p>\n<p><a href=\"\/wp-content\/themes\/yootheme\/packages\/theme\/assets\/images\/element-image-placeholder.png\"><\/a><\/p>\n<\/div>\n<div>\n<p>        <img decoding=\"async\" src=\"\/wp-content\/uploads\/2024\/12\/05_Estadio_PC_Futbol_Dinamic.jpg\" alt=\"\" title=\"\"><\/p>\n<p><a href=\"\/wp-content\/themes\/yootheme\/packages\/theme\/assets\/images\/element-image-placeholder.png\"><\/a><\/p>\n<\/div>\n<h1>\u00bfQUIERES ORGANIZAR TU<br \/>EVENTO EN OXO MUSEO?<\/h1>\n<div>\n<p>Cont\u00e1ctanos y encontraremos la mejor opci\u00f3n para ti.<\/p>\n<\/div>\n<p>\n    <a href=\"https:\/\/oxomuseomadrid.com\/contacto\/\">Contacto<\/a>\n<\/p>\n<p><!--more--><br \/>\n<!-- {\"type\":\"layout\",\"children\":[{\"type\":\"section\",\"props\":{\"height_viewport\":70,\"image_position\":\"center-center\",\"image_size\":\"cover\",\"padding_remove_bottom\":true,\"preserve_color\":false,\"style\":\"default\",\"title_breakpoint\":\"xl\",\"title_position\":\"top-left\",\"title_rotation\":\"left\",\"vertical_align\":\"middle\",\"width\":\"default\"},\"children\":[{\"type\":\"row\",\"children\":[{\"type\":\"column\",\"props\":{\"image_position\":\"center-center\",\"position_sticky_breakpoint\":\"m\"},\"children\":[{\"type\":\"text\",\"props\":{\"column_breakpoint\":\"m\",\"content\":\"\n\n<p>PRESENTACI\\u00d3N Y FIRMA DE LIBROS<\\\/p>\",\"margin\":\"default\",\"margin_remove_bottom\":true,\"text_align\":\"center\"}},{\"type\":\"headline\",\"props\":{\"content\":\"\\\"LOS PC F\\u00daTBOL DE DINAMIC MULTIMEDIA\\\"\",\"css\":\".el-element{\\n    font-family: 'ACUMIN PRO';\\n}\\n\",\"margin\":\"small\",\"margin_remove_top\":true,\"text_align\":\"center\",\"title_element\":\"h1\",\"visibility\":\"l\"}},{\"type\":\"headline\",\"props\":{\"content\":\"\\\"LOS PC F\\u00daTBOL DE DINAMIC MULTIMEDIA\\\"\",\"css\":\".el-element{\\n    font-family: 'ACUMIN PRO';\\n    font-size: 35px;\\n    line-height: 0.9;\\n}\\n\",\"margin\":\"small\",\"margin_remove_top\":true,\"text_align\":\"center\",\"title_element\":\"h1\",\"visibility\":\"hidden-l\"}},{\"type\":\"overlay\",\"props\":{\"css\":\".el-image{\\n    border: 1px solid ;\\n}\",\"image\":\"wp-content\\\/uploads\\\/2024\\\/12\\\/Mesa-de-trabajo-1.jpg\",\"link_style\":\"default\",\"link_text\":\"Read more\",\"margin\":\"default\",\"meta_align\":\"below-title\",\"meta_element\":\"div\",\"meta_style\":\"text-meta\",\"overlay_hover\":true,\"overlay_mode\":\"caption\",\"overlay_position\":\"center\",\"overlay_style\":\"overlay-primary\",\"overlay_transition\":\"fade\",\"text_align\":\"center\",\"text_color\":\"light\",\"title_element\":\"h3\",\"title_hover_style\":\"reset\"}}]}]}]},{\"name\":\"About\",\"type\":\"section\",\"props\":{\"image_position\":\"center-center\",\"image_size\":\"cover\",\"padding_remove_bottom\":true,\"padding_remove_top\":false,\"style\":\"default\",\"title_breakpoint\":\"xl\",\"title_position\":\"top-left\",\"title_rotation\":\"left\",\"vertical_align\":\"\",\"width\":\"\"},\"children\":[{\"type\":\"row\",\"props\":{\"column_gap\":\"large\",\"margin\":\"xlarge\",\"margin_remove_bottom\":true,\"row_gap\":\"large\",\"status\":\"disabled\",\"width\":\"small\"},\"children\":[{\"type\":\"column\",\"props\":{\"image_position\":\"center-center\",\"position_sticky_breakpoint\":\"m\"},\"children\":[{\"type\":\"headline\",\"props\":{\"content\":\"\\u00a1REDESCUBRE LOS A\\u00d1OS DORADOS DE PC F\\u00daTBOL!\",\"css\":\".el-element{\\n    font-family:'ACUMIN PRO';\\n    line-height: 0.9;\\n}\\n\",\"title_element\":\"h2\",\"title_style\":\"heading-medium\",\"visibility\":\"l\"}},{\"type\":\"headline\",\"props\":{\"content\":\"\\u00a1REDESCUBRE LOS A\\u00d1OS DORADOS DE PC F\\u00daTBOL!\",\"css\":\".el-element{\\n    font-family:'ACUMIN PRO';\\n    line-height: 1;\\n    font-size:31px;\\n}\\n\",\"margin_remove_top\":true,\"title_element\":\"h2\",\"title_style\":\"heading-medium\",\"visibility\":\"hidden-l\"}}]}]},{\"type\":\"row\",\"props\":{\"column_gap\":\"large\",\"layout\":\"1-3,2-3\",\"row_gap\":\"large\",\"width\":\"small\"},\"children\":[{\"type\":\"column\",\"props\":{\"image_position\":\"center-center\",\"position_sticky_breakpoint\":\"m\",\"width_small\":\"1-3\"},\"children\":[{\"type\":\"grid\",\"props\":{\"content_column_breakpoint\":\"m\",\"content_margin\":\"remove\",\"filter_align\":\"left\",\"filter_all\":true,\"filter_grid_breakpoint\":\"m\",\"filter_grid_width\":\"auto\",\"filter_position\":\"top\",\"filter_style\":\"tab\",\"grid_default\":\"1\",\"grid_medium\":\"\",\"icon_width\":80,\"image_align\":\"top\",\"image_grid_breakpoint\":\"m\",\"image_grid_width\":\"1-2\",\"image_svg_color\":\"emphasis\",\"item_animation\":true,\"link_style\":\"default\",\"link_text\":\"Read more\",\"margin\":\"default\",\"meta_align\":\"below-title\",\"meta_element\":\"div\",\"meta_style\":\"text-meta\",\"parallax_easing\":\"1\",\"show_content\":true,\"show_image\":true,\"show_link\":true,\"show_meta\":true,\"show_title\":true,\"title_align\":\"top\",\"title_color\":\"primary\",\"title_element\":\"h3\",\"title_grid_breakpoint\":\"m\",\"title_grid_width\":\"1-2\",\"title_hover_style\":\"reset\",\"title_style\":\"h6\"},\"children\":[{\"type\":\"grid_item\",\"props\":{\"content\":\"\n\n<p>Albert Tranguany<\\\/p>\",\"title\":\"Autor\"}},{\"type\":\"grid_item\",\"props\":{\"content\":\"\n\n<p style=\\\"line-height: 1.2;\\\"><span>20 Diciembre, 2024<\\\/span><\\\/p>\\n\n\n<p style=\\\"line-height: 0;\\\">17:00H<\\\/p>\\n\",\"title\":\"Fecha y hora\"}}]},{\"type\":\"divider\",\"props\":{\"divider_element\":\"div\",\"divider_style\":\"vertical\",\"position\":\"absolute\",\"position_left\":\"100%\",\"position_top\":\"0\",\"visibility\":\"m\"}}]},{\"type\":\"column\",\"props\":{\"image_position\":\"center-center\",\"position_sticky_breakpoint\":\"m\",\"width_small\":\"2-3\"},\"children\":[{\"type\":\"text\",\"props\":{\"column_breakpoint\":\"m\",\"content\":\"\n\n<p data-pm-slice=\\\"1 1 []\\\"><span>El pr\\u00f3ximo viernes 20 de diciembre, el Museo OXO del Videojuego de Madrid ser\\u00e1 el escenario perfecto para un evento \\u00fanico: la presentaci\\u00f3n oficial y firma de ejemplares del libro <\\\/span><span><strong>\\u201cLos PC F\\u00fatbol de Dinamic Multimedia\\u201d<\\\/strong><\\\/span><span>, la obra definitiva sobre la ic\\u00f3nica saga que marc\\u00f3 a generaciones de aficionados al f\\u00fatbol y los videojuegos.<\\\/span><\\\/p>\",\"margin\":\"default\",\"text_align\":\"justify\",\"text_style\":\"lead\"}},{\"type\":\"text\",\"props\":{\"column_breakpoint\":\"m\",\"content\":\"\n\n<p data-pm-slice=\\\"1 1 []\\\"><span>El autor, <\\\/span><span><strong>Albert Traguany Minguell<\\\/strong><\\\/span><span>, editor de Kodro Magazine y el mayor experto mundial en PC F\\u00fatbol, recoger\\u00e1 junto a <\\\/span><span><strong>Pablo Ruiz<\\\/strong><\\\/span><span>, cofundador y CEO de Dinamic Multimedia, los momentos clave de esta franquicia en una sesi\\u00f3n de firmas que comenzar\\u00e1 a partir de las <\\\/span><span><strong>17:00 horas<\\\/strong><\\\/span><span>.<\\\/span><\\\/p>\\n\n\n<p><span><strong>Un libro imprescindible para los nost\\u00e1lgicos y coleccionistas<\\\/strong><\\\/span><span> En esta Edici\\u00f3n de Oro, Albert Traguany despliega con brillantez todo el universo PC F\\u00fatbol desde su creaci\\u00f3n en 1992 por los hermanos Ruiz. Descubre c\\u00f3mo naci\\u00f3 y evolucion\\u00f3 la f\\u00f3rmula del juego, sus avances t\\u00e9cnicos y las opciones de juego que lo convirtieron en un cl\\u00e1sico indiscutible.<\\\/span><\\\/p>\\n\n\n<p><span>Este libro tambi\\u00e9n explora c\\u00f3mo la saga traspas\\u00f3 fronteras, conquistando pa\\u00edses como Italia, Argentina, Reino Unido o Alemania, y documenta hitos como los spin-offs <\\\/span><span><strong>PC Real Madrid<\\\/strong><\\\/span><span>, <\\\/span><span><strong>PC Barcelona<\\\/strong><\\\/span><span> y <\\\/span><span><strong>PC Atl\\u00e9tico de Madrid<\\\/strong><\\\/span><span>, adem\\u00e1s de las ediciones centradas en la Selecci\\u00f3n Espa\\u00f1ola. Plagios, extensiones, entrevistas exclusivas y an\\u00e9cdotas completan esta obra que todo amante de los videojuegos y el f\\u00fatbol deber\\u00eda tener en su biblioteca.<\\\/span><\\\/p>\\n\n\n<p><span><strong>Un evento en el marco del 40\\u00ba Aniversario Dinamic<\\\/strong><\\\/span><span> Este lanzamiento forma parte de las iniciativas especiales para celebrar el 40\\u00ba aniversario de Dinamic, la m\\u00edtica compa\\u00f1\\u00eda que revolucion\\u00f3 los videojuegos en Espa\\u00f1a.<\\\/span><\\\/p>\\n\n\n<p><span><strong>Consigue tu ejemplar firmado<\\\/strong><\\\/span><span> Si a\\u00fan no tienes el libro, esta es la oportunidad perfecta para hacerte con \\u00e9l. Y si ya lo tienes, no olvides traer tu ejemplar: Albert Traguany y Pablo Ruiz estar\\u00e1n encantados de dedic\\u00e1rtelo.<\\\/span><\\\/p>\",\"margin\":\"\"}}]}]}],\"modified\":\"2021-11-09T14:26:08.444Z\"},{\"name\":\"Gallery\",\"type\":\"section\",\"props\":{\"animation\":\"fade\",\"header_overlay\":\"light\",\"height\":\"viewport\",\"height_viewport\":false,\"image_position\":\"center-center\",\"image_size\":\"cover\",\"padding\":\"xlarge\",\"padding_remove_bottom\":true,\"padding_remove_top\":false,\"style\":\"default\",\"title_breakpoint\":\"xl\",\"title_position\":\"top-left\",\"title_rotation\":\"left\",\"vertical_align\":\"middle\",\"width\":\"\"},\"children\":[{\"type\":\"row\",\"props\":{\"attributes\":\"uk-lightbox\",\"column_gap\":\"collapse\",\"css\":\"@media (min-width: 640px) {\\n\\t.el-row { margin-bottom: 210px!important; }\\n}\",\"layout\":\"1-4,1-2,1-4\",\"margin\":\"medium\",\"margin_remove_bottom\":false,\"row_gap\":\"small\",\"vertical_align\":false},\"children\":[{\"type\":\"column\",\"props\":{\"image_position\":\"center-center\",\"position_sticky_breakpoint\":\"m\",\"vertical_align\":\"bottom\",\"width_small\":\"1-4\"},\"children\":[{\"type\":\"overlay\",\"props\":{\"animation\":\"parallax\",\"image\":\"wp-content\\\/uploads\\\/2024\\\/12\\\/07_Partido_PC_Futbol_Dinamic.jpg\",\"image_width\":\"650\",\"link\":\"wp-content\\\/themes\\\/yootheme\\\/packages\\\/theme\\\/assets\\\/images\\\/element-image-placeholder.png\",\"link_style\":\"default\",\"link_text\":\"\",\"margin\":\"default\",\"meta_align\":\"below-title\",\"meta_element\":\"div\",\"meta_style\":\"text-meta\",\"overlay_hover\":false,\"overlay_link\":true,\"overlay_mode\":\"cover\",\"overlay_position\":\"center\",\"overlay_style\":\"\",\"overlay_transition\":\"fade\",\"parallax_breakpoint\":\"s\",\"parallax_easing\":\"1\",\"parallax_y\":\"7vw,10vw\",\"text_align\":\"center\",\"text_color\":\"light\",\"title_element\":\"h3\",\"title_hover_style\":\"reset\"}}]},{\"type\":\"column\",\"props\":{\"image_position\":\"center-center\",\"position_sticky_breakpoint\":\"m\",\"vertical_align\":\"middle\",\"width_small\":\"1-4\"},\"children\":[{\"type\":\"overlay\",\"props\":{\"image\":\"wp-content\\\/uploads\\\/2024\\\/12\\\/06_Tacticas_PC_Futbol_Dinamic.jpg\",\"image_width\":\"650\",\"link\":\"wp-content\\\/themes\\\/yootheme\\\/packages\\\/theme\\\/assets\\\/images\\\/element-image-placeholder.png\",\"link_style\":\"default\",\"link_text\":\"\",\"margin\":\"default\",\"meta_align\":\"below-title\",\"meta_element\":\"div\",\"meta_style\":\"text-meta\",\"overlay_hover\":true,\"overlay_link\":true,\"overlay_mode\":\"cover\",\"overlay_position\":\"center\",\"overlay_style\":\"\",\"overlay_transition\":\"fade\",\"text_align\":\"center\",\"text_color\":\"light\",\"title_element\":\"h3\",\"title_hover_style\":\"reset\"}}]},{\"type\":\"column\",\"props\":{\"image_position\":\"center-center\",\"position_sticky_breakpoint\":\"m\",\"width_medium\":\"expand\",\"width_small\":\"medium\"},\"children\":[{\"type\":\"overlay\",\"props\":{\"animation\":\"parallax\",\"image\":\"wp-content\\\/uploads\\\/2024\\\/12\\\/05_Estadio_PC_Futbol_Dinamic.jpg\",\"image_width\":\"1280\",\"link\":\"wp-content\\\/themes\\\/yootheme\\\/packages\\\/theme\\\/assets\\\/images\\\/element-image-placeholder.png\",\"link_style\":\"default\",\"link_text\":\"\",\"margin\":\"default\",\"meta_align\":\"below-title\",\"meta_element\":\"div\",\"meta_style\":\"text-meta\",\"overlay_hover\":true,\"overlay_link\":true,\"overlay_mode\":\"cover\",\"overlay_position\":\"center\",\"overlay_style\":\"\",\"overlay_transition\":\"fade\",\"parallax_breakpoint\":\"s\",\"parallax_easing\":\"1\",\"parallax_y\":\"-5vw,-10vw\",\"text_align\":\"center\",\"text_color\":\"light\",\"title_element\":\"h3\",\"title_hover_style\":\"reset\"}}]}]}],\"modified\":\"2021-10-13T08:42:29.445Z\"},{\"type\":\"section\",\"props\":{\"image_position\":\"center-center\",\"padding\":\"large\",\"style\":\"default\",\"title_breakpoint\":\"xl\",\"title_position\":\"top-left\",\"title_rotation\":\"left\",\"vertical_align\":\"\",\"width\":\"\"},\"children\":[{\"type\":\"row\",\"children\":[{\"type\":\"column\",\"props\":{\"image_position\":\"center-center\",\"position_sticky_breakpoint\":\"m\",\"width_medium\":\"1-1\"},\"children\":[{\"type\":\"headline\",\"props\":{\"content\":\"\\u00bfQUIERES ORGANIZAR TU<br \\\/>EVENTO EN OXO MUSEO?\",\"css\":\".el-element{\\n    font-family: 'ACUMIN PRO';\\n    line-height: 0.9;\\n}\",\"text_align\":\"center\",\"title_element\":\"h1\"}},{\"type\":\"text\",\"props\":{\"block_align\":\"center\",\"column_breakpoint\":\"m\",\"content\":\"\n\n<p>Cont\\u00e1ctanos y encontraremos la mejor opci\\u00f3n para ti.<\\\/p>\",\"margin\":\"default\",\"maxwidth\":\"large\",\"text_align\":\"center\"}},{\"type\":\"button\",\"props\":{\"grid_column_gap\":\"small\",\"grid_row_gap\":\"small\",\"margin\":\"default\",\"text_align\":\"center\"},\"children\":[{\"type\":\"button_item\",\"props\":{\"button_style\":\"primary\",\"content\":\"Contacto\",\"icon_align\":\"left\",\"link\":\"https:\\\/\\\/oxomuseomadrid.com\\\/contacto\\\/\"}}]}]}]}],\"name\":\"Call to Action\"}],\"version\":\"4.4.16\"} --><\/p>\n","protected":false},"excerpt":{"rendered":"<p>PRESENTACI\u00d3N Y FIRMA DE LIBROS \u00abLOS PC F\u00daTBOL DE DINAMIC MULTIMEDIA\u00bb \u00abLOS PC F\u00daTBOL DE DINAMIC MULTIMEDIA\u00bb Autor Albert Tranguany Fecha y hora 20 Diciembre, 2024 17:00H El pr\u00f3ximo viernes 20 de diciembre, el Museo OXO del Videojuego de Madrid ser\u00e1 el escenario perfecto para un evento \u00fanico: la presentaci\u00f3n oficial y firma de ejemplares [&hellip;]<\/p>\n","protected":false},"author":1,"featured_media":0,"parent":0,"menu_order":0,"comment_status":"closed","ping_status":"closed","template":"","meta":{"footnotes":""},"class_list":["post-1350","page","type-page","status-publish","hentry"],"_links":{"self":[{"href":"https:\/\/oxomuseomadrid.com\/en\/wp-json\/wp\/v2\/pages\/1350","targetHints":{"allow":["GET"]}}],"collection":[{"href":"https:\/\/oxomuseomadrid.com\/en\/wp-json\/wp\/v2\/pages"}],"about":[{"href":"https:\/\/oxomuseomadrid.com\/en\/wp-json\/wp\/v2\/types\/page"}],"author":[{"embeddable":true,"href":"https:\/\/oxomuseomadrid.com\/en\/wp-json\/wp\/v2\/users\/1"}],"replies":[{"embeddable":true,"href":"https:\/\/oxomuseomadrid.com\/en\/wp-json\/wp\/v2\/comments?post=1350"}],"version-history":[{"count":0,"href":"https:\/\/oxomuseomadrid.com\/en\/wp-json\/wp\/v2\/pages\/1350\/revisions"}],"wp:attachment":[{"href":"https:\/\/oxomuseomadrid.com\/en\/wp-json\/wp\/v2\/media?parent=1350"}],"curies":[{"name":"wp","href":"https:\/\/api.w.org\/{rel}","templated":true}]}}