{"id":1607,"date":"2025-01-13T14:44:51","date_gmt":"2025-01-13T12:44:51","guid":{"rendered":"https:\/\/oxomuseomadrid.com\/?page_id=1607"},"modified":"2025-09-05T12:17:08","modified_gmt":"2025-09-05T10:17:08","slug":"talleres-lego","status":"publish","type":"page","link":"https:\/\/oxomuseomadrid.com\/en\/talleres-lego\/","title":{"rendered":"Talleres LEGO"},"content":{"rendered":"<div>\n<p>\u00a0.<\/p>\n<\/div>\n<div>\n<p>\u00a0 \u00a0 \u00a0 \u00aa<\/p>\n<\/div>\n<h1>\n<p>TALLER LEGO GAMING<\/p>\n<\/h1>\n<div>\n<p>OXO Museo del Videojuego organiza una serie de talleres LEGO\u00ae Gaming dirigidos a ni\u00f1os de entre 6 y 12 a\u00f1os, donde podr\u00e1n desarrollar su creatividad mientras se sumergen en diferentes universos.<\/p>\n<p>Los talleres tendr\u00e1n una duraci\u00f3n de 45 minutos y se realizar\u00e1n en dos sesiones:\u00a0<\/p>\n<ul>\n<li>12:00 a 12:45 h<\/li>\n<li>13:00 a 13:45 h<\/li>\n<\/ul>\n<p>Cada sesi\u00f3n tendr\u00e1 un aforo de 20 personas, con un total de 40 participantes por taller. La actividad comienza con una fascinante historia que presenta cada uno de los mundos, llenos de aventuras y personajes entra\u00f1ables. A continuaci\u00f3n, los ni\u00f1os recibir\u00e1n dos bolsitas de\u00a0 LEGO\u00ae: una para ponerse a construir cada una de las posibilidades que les vayan ocurriendo guiados por el monitor.\u00a0<\/p>\n<p>Adem\u00e1s de la diversi\u00f3n de montar las piezas, los participantes podr\u00e1n dejar volar su imaginaci\u00f3n mientras dise\u00f1an sus propios escenarios y relatos. Este taller es una oportunidad perfecta para que los ni\u00f1os se diviertan mientras desarrollan<br \/>habilidades de creatividad y trabajo en equipo.<\/p>\n<p><strong>\u00a1No pierdas la oportunidad! Reserva tu plaza ahora y deja que tus peque\u00f1os creen momentos inolvidables en los Talleres LEGO de OXO Museo Madrid.<\/strong><\/p>\n<\/div>\n<p><img decoding=\"async\" src=\"\/wp-content\/uploads\/2025\/04\/TALLER-LEGO.jpg\" alt=\"\" title=\"\"><\/p>\n<h1>RESERVAS<\/h1>\n<ul>\n<li>\n<p>\n        <a href=\"https:\/\/oxomuseomadrid.com\/eventos\/taller-lego-gaming-1200h\/\">12:00H<\/a>\n    <\/p>\n<\/li>\n<li>\n<p>\n        <a href=\"https:\/\/oxomuseomadrid.com\/eventos\/taller-mayo-lego-gaming-1300h\/\">13:00H<\/a>\n    <\/p>\n<\/li>\n<\/ul>\n<div>\n<p>    <img decoding=\"async\" src=\"\/wp-content\/uploads\/2025\/01\/cartel-legoo.jpg\" alt=\"\" title=\"\"><\/p>\n<h3>13 SEPTIEMBRE<\/h3>\n<p>OXO Museo Madrid<\/p>\n<p><a href=\"#\"><\/a><\/p>\n<\/div>\n<ul>\n<li>\n<p>\n        <a href=\"https:\/\/oxomuseomadrid.com\/eventos\/taller-lego-gaming\/\">12:00H<\/a>\n    <\/p>\n<\/li>\n<li>\n<p>\n        <a href=\"https:\/\/oxomuseomadrid.com\/eventos\/taller-lego-gaming-13h\/\">13:00H<\/a>\n    <\/p>\n<\/li>\n<\/ul>\n<ul>\n<li>\n<p>        <img decoding=\"async\" src=\"\/wp-content\/uploads\/2025\/04\/lego-familia.jpg\" alt=\"\" title=\"\"><\/p>\n<\/li>\n<li>\n<p>        <img decoding=\"async\" src=\"\/wp-content\/uploads\/2025\/04\/SONIC-lego.jpg\" alt=\"\" title=\"\"><\/p>\n<\/li>\n<li>\n<p>        <img decoding=\"async\" src=\"\/wp-content\/uploads\/2025\/04\/nino-jugando-lego.jpg\" alt=\"\" title=\"\"><\/p>\n<\/li>\n<\/ul>\n<p><!--more--><br \/>\n<!-- {\"type\":\"layout\",\"children\":[{\"type\":\"section\",\"props\":{\"height\":\"viewport\",\"height_viewport\":50,\"image\":\"wp-content\\\/uploads\\\/2025\\\/01\\\/lego-banner.jpg\",\"image_position\":\"center-center\",\"image_size\":\"cover\",\"style\":\"default\",\"title_breakpoint\":\"xl\",\"title_position\":\"top-left\",\"title_rotation\":\"left\",\"vertical_align\":\"middle\",\"width\":\"default\"},\"children\":[{\"type\":\"row\",\"children\":[{\"type\":\"column\",\"props\":{\"image_position\":\"center-center\",\"position_sticky_breakpoint\":\"m\"},\"children\":[{\"type\":\"text\",\"props\":{\"column_breakpoint\":\"m\",\"content\":\"\n\n<p>\\u00a0.<\\\/p>\",\"margin\":\"default\",\"visibility\":\"l\"}}]}]}],\"name\":\"cabecera\"},{\"type\":\"section\",\"props\":{\"height\":\"viewport\",\"height_viewport\":50,\"image\":\"wp-content\\\/uploads\\\/2025\\\/01\\\/778878.jpg\",\"image_position\":\"center-center\",\"image_size\":\"cover\",\"style\":\"default\",\"title_breakpoint\":\"xl\",\"title_position\":\"top-left\",\"title_rotation\":\"left\",\"vertical_align\":\"middle\",\"width\":\"default\"},\"children\":[{\"type\":\"row\",\"children\":[{\"type\":\"column\",\"props\":{\"image_position\":\"center-center\",\"position_sticky_breakpoint\":\"m\"},\"children\":[{\"type\":\"text\",\"props\":{\"column_breakpoint\":\"m\",\"content\":\"\n\n<p>\\u00a0 \\u00a0 \\u00a0 \\u00aa<\\\/p>\",\"css\":\".el-element{\\n    display: none;\\n}\\n\",\"margin\":\"default\",\"visibility\":\"hidden-l\"}}]}]}]},{\"type\":\"section\",\"props\":{\"css\":\".el-section{\\n    background-color: #fff;\\n}\",\"image_position\":\"center-center\",\"style\":\"muted\",\"title_breakpoint\":\"xl\",\"title_position\":\"top-left\",\"title_rotation\":\"left\",\"vertical_align\":\"middle\",\"width\":\"default\"},\"children\":[{\"type\":\"row\",\"children\":[{\"type\":\"column\",\"props\":{\"image_position\":\"center-center\",\"position_sticky_breakpoint\":\"m\"},\"children\":[{\"type\":\"headline\",\"props\":{\"content\":\"\n\n<p>TALLER LEGO GAMING<\\\/p>\",\"css\":\".el-element{\\n    color: #000;\\n    font-family: 'ACUMIN PRO';\\n    font-size: 45px;\\n    line-height: 0.8;\\n}\\n\",\"margin\":\"small\",\"margin_remove_top\":false,\"text_align\":\"center\",\"title_element\":\"h1\"}}]}]},{\"type\":\"row\",\"props\":{\"layout\":\"1-2,1-2\"},\"children\":[{\"type\":\"column\",\"props\":{\"image_position\":\"center-center\",\"position_sticky_breakpoint\":\"m\",\"width_medium\":\"1-2\"},\"children\":[{\"type\":\"text\",\"props\":{\"column_breakpoint\":\"m\",\"content\":\"\n\n<p>OXO Museo del Videojuego organiza una serie de talleres LEGO\\u00ae Gaming dirigidos a ni\\u00f1os de entre 6 y 12 a\\u00f1os, donde podr\\u00e1n desarrollar su creatividad mientras se sumergen en diferentes universos.<\\\/p>\\n\n\n<p>Los talleres tendr\\u00e1n una duraci\\u00f3n de 45 minutos y se realizar\\u00e1n en dos sesiones:\\u00a0<\\\/p>\\n\n\n<ul>\\n\n\n<li>12:00 a 12:45 h<\\\/li>\\n\n\n<li>13:00 a 13:45 h<\\\/li>\\n<\\\/ul>\\n\n\n<p>Cada sesi\\u00f3n tendr\\u00e1 un aforo de 20 personas, con un total de 40 participantes por taller. La actividad comienza con una fascinante historia que presenta cada uno de los mundos, llenos de aventuras y personajes entra\\u00f1ables. A continuaci\\u00f3n, los ni\\u00f1os recibir\\u00e1n dos bolsitas de\\u00a0 LEGO\\u00ae: una para ponerse a construir cada una de las posibilidades que les vayan ocurriendo guiados por el monitor.\\u00a0<\\\/p>\\n\n\n<p>Adem\\u00e1s de la diversi\\u00f3n de montar las piezas, los participantes podr\\u00e1n dejar volar su imaginaci\\u00f3n mientras dise\\u00f1an sus propios escenarios y relatos. Este taller es una oportunidad perfecta para que los ni\\u00f1os se diviertan mientras desarrollan<br \\\/>habilidades de creatividad y trabajo en equipo.<\\\/p>\\n\n\n<p><strong>\\u00a1No pierdas la oportunidad! Reserva tu plaza ahora y deja que tus peque\\u00f1os creen momentos inolvidables en los Talleres LEGO de OXO Museo Madrid.<\\\/strong><\\\/p>\",\"css\":\".el-element{\\n    color: #000;\\n}\\nh3{\\n    color: #000;\\n}\\n\",\"margin\":\"default\",\"text_align\":\"justify\"}}]},{\"type\":\"column\",\"props\":{\"image_position\":\"center-center\",\"position_sticky_breakpoint\":\"m\",\"width_medium\":\"1-2\"},\"children\":[{\"type\":\"image\",\"props\":{\"image\":\"wp-content\\\/uploads\\\/2025\\\/04\\\/TALLER-LEGO.jpg\",\"image_svg_color\":\"emphasis\",\"margin\":\"default\"}}]}]},{\"type\":\"row\",\"children\":[{\"type\":\"column\",\"props\":{\"image_position\":\"center-center\",\"position_sticky_breakpoint\":\"m\"},\"children\":[{\"type\":\"headline\",\"props\":{\"content\":\"RESERVAS\",\"css\":\".el-element{\\n    color: #000;\\n    font-family:'ACUMIN PRO';\\n}\\n\",\"text_align\":\"center\",\"title_element\":\"h1\",\"title_font_family\":\"tertiary\",\"visibility\":\"hidden-l\"}},{\"name\":\"Button Gap Small\",\"type\":\"button\",\"children\":[{\"type\":\"button_item\",\"props\":{\"button_style\":\"default\",\"content\":\"12:00H\",\"dialog_layout\":\"modal\",\"dialog_offcanvas_flip\":true,\"icon_align\":\"left\",\"link\":\"https:\\\/\\\/oxomuseomadrid.com\\\/eventos\\\/taller-lego-gaming-1200h\\\/\"}},{\"type\":\"button_item\",\"props\":{\"button_style\":\"default\",\"content\":\"13:00H\",\"dialog_layout\":\"modal\",\"dialog_offcanvas_flip\":true,\"icon_align\":\"left\",\"link\":\"https:\\\/\\\/oxomuseomadrid.com\\\/eventos\\\/taller-mayo-lego-gaming-1300h\\\/\"}}],\"props\":{\"block_align\":\"center\",\"css\":\".el-content{\\n    color: #000;\\n}\",\"grid_column_gap\":\"small\",\"grid_row_gap\":\"small\",\"margin\":\"small\",\"margin_remove_bottom\":false,\"margin_remove_top\":true,\"text_align\":\"center\",\"visibility\":\"hidden-l\"}},{\"type\":\"grid\",\"props\":{\"content_column_breakpoint\":\"m\",\"css\":\".uk-card-body{\\n    background-color: #6030a9;\\n    border-bottom-left-radius:8px;\\n    border-bottom-right-radius:8px;\\n}\\n.el-title{\\n    color: #fff;\\n}\\n.el-meta{\\n    color: #fff;\\n}\\n\",\"filter_align\":\"left\",\"filter_all\":true,\"filter_grid_breakpoint\":\"m\",\"filter_grid_width\":\"auto\",\"filter_position\":\"top\",\"filter_style\":\"tab\",\"grid_column_gap\":\"medium\",\"grid_default\":\"1\",\"grid_medium\":\"4\",\"grid_row_gap\":\"medium\",\"grid_small\":\"2\",\"icon_width\":80,\"image_align\":\"top\",\"image_grid_breakpoint\":\"m\",\"image_grid_width\":\"1-2\",\"image_svg_color\":\"emphasis\",\"image_width\":\"610\",\"item_animation\":true,\"lightbox_bg_close\":true,\"link_style\":\"default\",\"link_text\":\"\",\"margin\":\"default\",\"meta_align\":\"below-title\",\"meta_element\":\"div\",\"meta_margin\":\"remove\",\"meta_style\":\"text-meta\",\"panel_image_no_padding\":true,\"panel_link\":true,\"panel_link_hover\":\"true\",\"panel_padding\":\"small\",\"panel_style\":\"card-primary\",\"parallax_easing\":\"1\",\"show_content\":true,\"show_hover_image\":true,\"show_hover_video\":true,\"show_image\":true,\"show_link\":true,\"show_meta\":true,\"show_title\":true,\"show_video\":true,\"title_align\":\"top\",\"title_element\":\"h3\",\"title_grid_breakpoint\":\"m\",\"title_grid_width\":\"1-2\",\"title_hover_style\":\"reset\",\"title_style\":\"h4\"},\"children\":[{\"type\":\"grid_item\",\"props\":{\"image\":\"wp-content\\\/uploads\\\/2025\\\/01\\\/cartel-legoo.jpg\",\"item_element\":\"article\",\"link\":\"#\",\"meta\":\"OXO Museo Madrid\",\"title\":\"13 SEPTIEMBRE\"}}],\"name\":\"grid evento\"},{\"name\":\"Button Gap Small\",\"type\":\"button\",\"children\":[{\"type\":\"button_item\",\"props\":{\"button_style\":\"default\",\"content\":\"12:00H\",\"dialog_layout\":\"modal\",\"dialog_offcanvas_flip\":true,\"icon_align\":\"left\",\"link\":\"https:\\\/\\\/oxomuseomadrid.com\\\/eventos\\\/taller-lego-gaming\\\/\"}},{\"type\":\"button_item\",\"props\":{\"button_style\":\"default\",\"content\":\"13:00H\",\"dialog_layout\":\"modal\",\"dialog_offcanvas_flip\":true,\"icon_align\":\"left\",\"link\":\"https:\\\/\\\/oxomuseomadrid.com\\\/eventos\\\/taller-lego-gaming-13h\\\/\"}}],\"props\":{\"block_align\":\"center\",\"css\":\".el-content{\\n    color: #000;\\n}\",\"grid_column_gap\":\"small\",\"grid_row_gap\":\"small\",\"margin\":\"small\",\"margin_remove_bottom\":false,\"margin_remove_top\":true,\"visibility\":\"l\"}}]}]}]},{\"type\":\"section\",\"props\":{\"height\":\"viewport\",\"height_viewport\":50,\"image\":\"wp-content\\\/uploads\\\/2025\\\/01\\\/fondo.jpg\",\"image_position\":\"center-center\",\"style\":\"default\",\"title_breakpoint\":\"xl\",\"title_position\":\"top-left\",\"title_rotation\":\"left\",\"vertical_align\":\"middle\",\"width\":\"xlarge\"},\"children\":[{\"type\":\"row\",\"children\":[{\"type\":\"column\",\"props\":{\"image_position\":\"center-center\",\"position_sticky_breakpoint\":\"m\"},\"children\":[{\"type\":\"gallery\",\"props\":{\"css\":\".el-image{\\n    border-radius:20px;\\n}\\n\",\"filter_align\":\"left\",\"filter_all\":true,\"filter_grid_breakpoint\":\"m\",\"filter_grid_width\":\"auto\",\"filter_position\":\"top\",\"filter_style\":\"tab\",\"grid_default\":\"1\",\"grid_medium\":\"3\",\"item_animation\":true,\"lightbox_bg_close\":true,\"link_style\":\"default\",\"link_text\":\"Read more\",\"margin\":\"default\",\"meta_align\":\"below-title\",\"meta_element\":\"div\",\"meta_style\":\"text-meta\",\"overlay_hover\":false,\"overlay_mode\":\"caption\",\"overlay_position\":\"center\",\"overlay_style\":\"overlay-primary\",\"overlay_transition\":\"fade\",\"show_content\":true,\"show_hover_image\":true,\"show_hover_video\":true,\"show_link\":true,\"show_meta\":true,\"show_title\":true,\"text_align\":\"center\",\"text_color\":\"light\",\"title_element\":\"h3\",\"title_hover_style\":\"reset\"},\"children\":[{\"type\":\"gallery_item\",\"props\":{\"image\":\"wp-content\\\/uploads\\\/2025\\\/04\\\/lego-familia.jpg\"}},{\"type\":\"gallery_item\",\"props\":{\"image\":\"wp-content\\\/uploads\\\/2025\\\/04\\\/SONIC-lego.jpg\"}},{\"type\":\"gallery_item\",\"props\":{\"image\":\"wp-content\\\/uploads\\\/2025\\\/04\\\/nino-jugando-lego.jpg\"}}]}]}]}]},{\"type\":\"section\",\"props\":{\"css\":\".el-section{\\n    background-color: #000;\\n}\\n\",\"image_position\":\"center-center\",\"style\":\"muted\",\"title_breakpoint\":\"xl\",\"title_position\":\"top-left\",\"title_rotation\":\"left\",\"vertical_align\":\"middle\",\"width\":\"default\"},\"children\":[{\"type\":\"row\",\"children\":[{\"type\":\"column\",\"props\":{\"image_position\":\"center-center\",\"position_sticky_breakpoint\":\"m\"}}]}]}],\"version\":\"4.5.23\"} --><\/p>\n","protected":false},"excerpt":{"rendered":"<p>\u00a0. \u00a0 \u00a0 \u00a0 \u00aa TALLER LEGO GAMING OXO Museo del Videojuego organiza una serie de talleres LEGO\u00ae Gaming dirigidos a ni\u00f1os de entre 6 y 12 a\u00f1os, donde podr\u00e1n desarrollar su creatividad mientras se sumergen en diferentes universos. Los talleres tendr\u00e1n una duraci\u00f3n de 45 minutos y se realizar\u00e1n en dos sesiones:\u00a0 12:00 a [&hellip;]<\/p>\n","protected":false},"author":1,"featured_media":3536,"parent":0,"menu_order":0,"comment_status":"closed","ping_status":"closed","template":"","meta":{"footnotes":""},"class_list":["post-1607","page","type-page","status-publish","has-post-thumbnail","hentry"],"_links":{"self":[{"href":"https:\/\/oxomuseomadrid.com\/en\/wp-json\/wp\/v2\/pages\/1607","targetHints":{"allow":["GET"]}}],"collection":[{"href":"https:\/\/oxomuseomadrid.com\/en\/wp-json\/wp\/v2\/pages"}],"about":[{"href":"https:\/\/oxomuseomadrid.com\/en\/wp-json\/wp\/v2\/types\/page"}],"author":[{"embeddable":true,"href":"https:\/\/oxomuseomadrid.com\/en\/wp-json\/wp\/v2\/users\/1"}],"replies":[{"embeddable":true,"href":"https:\/\/oxomuseomadrid.com\/en\/wp-json\/wp\/v2\/comments?post=1607"}],"version-history":[{"count":0,"href":"https:\/\/oxomuseomadrid.com\/en\/wp-json\/wp\/v2\/pages\/1607\/revisions"}],"wp:featuredmedia":[{"embeddable":true,"href":"https:\/\/oxomuseomadrid.com\/en\/wp-json\/wp\/v2\/media\/3536"}],"wp:attachment":[{"href":"https:\/\/oxomuseomadrid.com\/en\/wp-json\/wp\/v2\/media?parent=1607"}],"curies":[{"name":"wp","href":"https:\/\/api.w.org\/{rel}","templated":true}]}}