{"id":1646,"date":"2025-01-13T14:44:30","date_gmt":"2025-01-13T12:44:30","guid":{"rendered":"https:\/\/oxomuseomadrid.com\/?page_id=1646"},"modified":"2025-01-15T14:29:54","modified_gmt":"2025-01-15T12:29:54","slug":"taller-lego-18-enero","status":"publish","type":"page","link":"https:\/\/oxomuseomadrid.com\/en\/taller-lego-18-enero\/","title":{"rendered":"Taller LEGO 18 enero"},"content":{"rendered":"<p><img decoding=\"async\" src=\"\/wp-content\/uploads\/2025\/01\/LEGO-CARTEL-1.jpg\" alt=\"\" title=\"\"><\/p>\n<h1>TALLER LEGO GAMING<\/h1>\n<table>\n<tbody>\n<tr>\n<td>\n        <img decoding=\"async\" src=\"\/wp-content\/uploads\/2025\/01\/18.jpg\" alt=\"\" title=\"\">\n    <\/td>\n<td>LEGO Gaming<\/td>\n<td>\n<p>OXO Museo Madrid<\/p>\n<\/td>\n<td>\n        <a href=\"https:\/\/forms.gle\/RiWTjgKEyWWETaSz6\" rel=\"nofollow noopener\" target=\"_blank\">RESERVAR<\/a>\n    <\/td>\n<\/tr>\n<\/tbody>\n<\/table>\n<div>\n<p><span>OXO Museo del Videojuego organiza una serie de talleres LEGO Gaming dirigidos a ni\u00f1os de entre 6 y 12 a\u00f1os, donde podr\u00e1n desarrollar su creatividad mientras se sumergen en diferentes universos.<\/span><\/p>\n<div><\/div>\n<div><span>Los talleres tendr\u00e1n una duraci\u00f3n de <\/span><b>45 minutos<\/b><span> y se realizar\u00e1n en dos <\/span>sesiones:\u00a0<\/p>\n<div>\n<ul>\n<li><b>12:00 a 12:45 h<\/b><\/li>\n<li><b>13:00 a 13:45 h<\/b><\/li>\n<\/ul>\n<p>Cada sesi\u00f3n tendr\u00e1 un aforo de <b>10 personas<\/b>, con un total de <b>20 participantes por taller.\u00a0<\/b><\/div>\n<p><\/p>\n<div><\/div>\n<div><span>La actividad comienza con una fascinante historia que presenta cada uno de<\/span><span>los mundos, llenos de aventuras y personajes entra\u00f1ables. A continuaci\u00f3n, los ni\u00f1os\u00a0<\/span><span>recibir\u00e1n dos bolsitas LEGO: una para ponerse a construir cada una de las posibilidades que les vayan ocurriendo guiados por el monitor.\u00a0<\/span><\/div>\n<p>\n<\/div>\n<div><\/div>\n<div>\n<div><span>Adem\u00e1s de la diversi\u00f3n de montar las piezas, los participantes podr\u00e1n dejar volar su <\/span><span>imaginaci\u00f3n mientras dise\u00f1an sus propios escenarios y relatos.\u00a0<\/span><\/div>\n<div><\/div>\n<p><\/p>\n<div>Este taller es una oportunidad perfecta para que los ni\u00f1os se diviertan mientras desarrollan habilidades de creatividad y trabajo en equipo.<\/div>\n<div>\u00a1Las plazas son limitadas, as\u00ed que no pierdas la oportunidad de inscribir a los m\u00e1s peque\u00f1os en esta experiencia \u00fanica!<\/div>\n<\/div>\n<\/div>\n<h2>\u00bfALGUNA\u00a0<br \/>PREGUNTA?<\/h2>\n<ul>\n<li>\n<h3>\u00bfQU\u00c9 HORARIO Y DURACI\u00d3N TIENE EL TALLER?<\/h3>\n<div>\n<p>Los talleres tendr\u00e1n una duraci\u00f3n aproximada de 45 minutos y se llevar\u00e1n a cabo en dos sesiones consecutivas:<\/p>\n<ul>\n<li><strong>Primera sesi\u00f3n:<\/strong> De 12:00 a 12:45 h<\/li>\n<li><strong>Segunda sesi\u00f3n:<\/strong> De 13:00 a 13:45 h<\/li>\n<\/ul>\n<\/div>\n<\/li>\n<li>\n<h3>\u00bfQUI\u00c9N PUEDE ASISTIR AL TALLER?<\/h3>\n<div>\n<p>El taller est\u00e1 dirigido exclusivamente a ni\u00f1os de entre 6 y 12 a\u00f1os, quienes podr\u00e1n disfrutar de esta experiencia \u00fanica dise\u00f1ada especialmente para ellos.<\/p>\n<\/div>\n<\/li>\n<\/ul>\n<p><!--more--><br \/>\n<!-- {\"type\":\"layout\",\"children\":[{\"type\":\"section\",\"props\":{\"image_position\":\"center-center\",\"padding_remove_horizontal\":false,\"style\":\"default\",\"title_breakpoint\":\"xl\",\"title_position\":\"top-left\",\"title_rotation\":\"left\",\"vertical_align\":\"middle\",\"width\":\"default\"},\"children\":[{\"type\":\"row\",\"props\":{\"layout\":\"1-2,1-2\"},\"children\":[{\"type\":\"column\",\"props\":{\"image_position\":\"center-center\",\"position_sticky_breakpoint\":\"m\",\"width_medium\":\"1-2\"},\"children\":[{\"type\":\"image\",\"props\":{\"image\":\"wp-content\\\/uploads\\\/2025\\\/01\\\/LEGO-CARTEL-1.jpg\",\"image_svg_color\":\"emphasis\",\"margin\":\"default\"}}]},{\"type\":\"column\",\"props\":{\"image_position\":\"center-center\",\"position_sticky_breakpoint\":\"m\",\"width_medium\":\"1-2\"},\"children\":[{\"type\":\"headline\",\"props\":{\"content\":\"TALLER LEGO GAMING\",\"css\":\".el-element{\\n    font-family: 'ACUMIN PRO';\\n}\\n\",\"title_element\":\"h1\"}},{\"name\":\"Table Size Default Columns Expand Two\",\"type\":\"table\",\"children\":[{\"type\":\"table_item\",\"props\":{\"content\":\"\n\n<p>OXO Museo Madrid<\\\/p>\",\"image\":\"wp-content\\\/uploads\\\/2025\\\/01\\\/18.jpg\",\"link\":\"https:\\\/\\\/forms.gle\\\/RiWTjgKEyWWETaSz6\",\"link_text\":\"RESERVAR\",\"meta\":\"\",\"title\":\"LEGO Gaming\"}}],\"props\":{\"content_style\":\"text-meta\",\"image_height\":\"50\",\"image_svg_color\":\"emphasis\",\"image_width\":\"50\",\"link_fullwidth\":true,\"link_style\":\"secondary\",\"link_text\":\"Buy Tickets\",\"meta_color\":\"muted\",\"meta_style\":\"\",\"show_content\":true,\"show_image\":true,\"show_link\":true,\"show_meta\":true,\"show_title\":true,\"table_hover\":false,\"table_justify\":false,\"table_last_align\":\"right\",\"table_layout\":\"1\",\"table_order\":\"4\",\"table_responsive\":\"responsive\",\"table_style\":\"divider\",\"table_vertical_align\":true,\"table_width_meta\":\"shrink\",\"table_width_title\":\"\",\"title_style\":\"h4\"}},{\"type\":\"text\",\"props\":{\"column_breakpoint\":\"m\",\"content\":\"\n\n<p><span>OXO Museo del Videojuego organiza una serie de talleres LEGO Gaming dirigidos a ni\\u00f1os de entre 6 y 12 a\\u00f1os, donde podr\\u00e1n desarrollar su creatividad mientras se sumergen en diferentes universos.<\\\/span><\\\/p>\\n\n\n<div><\\\/div>\\n\n\n<div><span>Los talleres tendr\\u00e1n una duraci\\u00f3n de <\\\/span><b>45 minutos<\\\/b><span> y se realizar\\u00e1n en dos <\\\/span>sesiones:\\u00a0\\n\n\n<div>\\n\n\n<ul>\\n\n\n<li><b>12:00 a 12:45 h<\\\/b><\\\/li>\\n\n\n<li><b>13:00 a 13:45 h<\\\/b><\\\/li>\\n<\\\/ul>\\nCada sesi\\u00f3n tendr\\u00e1 un aforo de <b>10 personas<\\\/b>, con un total de <b>20 participantes por taller.\\u00a0<\\\/b><\\\/div><br \/>\\n\n\n<div><\\\/div>\\n\n\n<div><span>La actividad comienza con una fascinante historia que presenta cada uno de<\\\/span><span>los mundos, llenos de aventuras y personajes entra\\u00f1ables. A continuaci\\u00f3n, los ni\\u00f1os\\u00a0<\\\/span><span>recibir\\u00e1n dos bolsitas LEGO: una para ponerse a construir cada una de las posibilidades que les vayan ocurriendo guiados por el monitor.\\u00a0<\\\/span><\\\/div><br \/>\\n<\\\/div>\\n\n\n<div><\\\/div>\\n\n\n<div>\\n\n\n<div><span>Adem\\u00e1s de la diversi\\u00f3n de montar las piezas, los participantes podr\\u00e1n dejar volar su <\\\/span><span>imaginaci\\u00f3n mientras dise\\u00f1an sus propios escenarios y relatos.\\u00a0<\\\/span><\\\/div>\\n\n\n<div><\\\/div><br \/>\\n\n\n<div>Este taller es una oportunidad perfecta para que los ni\\u00f1os se diviertan mientras desarrollan habilidades de creatividad y trabajo en equipo.<\\\/div>\\n\n\n<div><br \\\/>\\u00a1Las plazas son limitadas, as\\u00ed que no pierdas la oportunidad de inscribir a los m\\u00e1s peque\\u00f1os en esta experiencia \\u00fanica!<\\\/div>\\n<\\\/div>\",\"css\":\".el-element{\\n    color: #fff;\\n}\\n\",\"margin\":\"default\",\"text_align\":\"justify\"}}]}]}]},{\"type\":\"section\",\"props\":{\"css\":\".el-section{\\n    background-color: #fff;\\n}\\n\",\"image\":\"wp-content\\\/uploads\\\/2025\\\/01\\\/fondo.jpg\",\"image_position\":\"center-center\",\"style\":\"muted\",\"title_breakpoint\":\"xl\",\"title_position\":\"top-left\",\"title_rotation\":\"left\",\"vertical_align\":\"\",\"width\":\"default\"},\"children\":[{\"type\":\"row\",\"props\":{\"layout\":\"1-3,2-3\"},\"children\":[{\"type\":\"column\",\"props\":{\"image_position\":\"center-center\",\"position_sticky_breakpoint\":\"m\",\"vertical_align\":\"middle\",\"width_medium\":\"1-3\"},\"children\":[{\"type\":\"headline\",\"props\":{\"content\":\"\\u00bfALGUNA\\u00a0<br \\\/>PREGUNTA?\",\"css\":\".el-element{\\n    font-size:50px;\\n    font-family: 'Acumin Pro';\\n    line-height:0.9;\\n}\\n\",\"maxwidth\":\"medium\",\"title_element\":\"h2\",\"title_font_family\":\"tertiary\",\"title_style\":\"h1\"}}]},{\"type\":\"column\",\"props\":{\"image_position\":\"center-center\",\"position_sticky_breakpoint\":\"m\",\"width_medium\":\"2-3\"},\"children\":[{\"type\":\"accordion\",\"props\":{\"collapsible\":true,\"content_column_breakpoint\":\"m\",\"image_align\":\"top\",\"image_grid_breakpoint\":\"m\",\"image_grid_width\":\"1-2\",\"image_svg_color\":\"emphasis\",\"link_style\":\"default\",\"link_text\":\"Read more\",\"multiple\":true,\"show_image\":true,\"show_link\":true,\"text_align\":\"justify\"},\"children\":[{\"type\":\"accordion_item\",\"props\":{\"content\":\"\n\n<p>Los talleres tendr\\u00e1n una duraci\\u00f3n aproximada de 45 minutos y se llevar\\u00e1n a cabo en dos sesiones consecutivas:<\\\/p>\\n\n\n<ul>\\n\n\n<li><strong>Primera sesi\\u00f3n:<\\\/strong> De 12:00 a 12:45 h<\\\/li>\\n\n\n<li><strong>Segunda sesi\\u00f3n:<\\\/strong> De 13:00 a 13:45 h<\\\/li>\\n<\\\/ul>\",\"title\":\"\\u00bfQU\\u00c9 HORARIO Y DURACI\\u00d3N TIENE EL TALLER?\"}},{\"type\":\"accordion_item\",\"props\":{\"content\":\"\n\n<p>No, es imprescindible adquirir una entrada para acceder tanto al Museo como al taller.<\\\/p>\",\"status\":\"disabled\",\"title\":\"\\u00bfES GRATUITO EL TALLER?\"}},{\"type\":\"accordion_item\",\"props\":{\"content\":\"\n\n<p>El taller est\\u00e1 dirigido exclusivamente a ni\\u00f1os de entre 6 y 12 a\\u00f1os, quienes podr\\u00e1n disfrutar de esta experiencia \\u00fanica dise\\u00f1ada especialmente para ellos.<\\\/p>\",\"title\":\"\\u00bfQUI\\u00c9N PUEDE ASISTIR AL TALLER?\"}}]}]}]}],\"name\":\"FAQs\"}],\"version\":\"4.4.16\"} --><\/p>\n","protected":false},"excerpt":{"rendered":"<p>TALLER LEGO GAMING LEGO Gaming OXO Museo Madrid RESERVAR OXO Museo del Videojuego organiza una serie de talleres LEGO Gaming dirigidos a ni\u00f1os de entre 6 y 12 a\u00f1os, donde podr\u00e1n desarrollar su creatividad mientras se sumergen en diferentes universos. Los talleres tendr\u00e1n una duraci\u00f3n de 45 minutos y se realizar\u00e1n en dos sesiones:\u00a0 12:00 [&hellip;]<\/p>\n","protected":false},"author":1,"featured_media":0,"parent":0,"menu_order":0,"comment_status":"closed","ping_status":"closed","template":"","meta":{"footnotes":""},"class_list":["post-1646","page","type-page","status-publish","hentry"],"_links":{"self":[{"href":"https:\/\/oxomuseomadrid.com\/en\/wp-json\/wp\/v2\/pages\/1646","targetHints":{"allow":["GET"]}}],"collection":[{"href":"https:\/\/oxomuseomadrid.com\/en\/wp-json\/wp\/v2\/pages"}],"about":[{"href":"https:\/\/oxomuseomadrid.com\/en\/wp-json\/wp\/v2\/types\/page"}],"author":[{"embeddable":true,"href":"https:\/\/oxomuseomadrid.com\/en\/wp-json\/wp\/v2\/users\/1"}],"replies":[{"embeddable":true,"href":"https:\/\/oxomuseomadrid.com\/en\/wp-json\/wp\/v2\/comments?post=1646"}],"version-history":[{"count":0,"href":"https:\/\/oxomuseomadrid.com\/en\/wp-json\/wp\/v2\/pages\/1646\/revisions"}],"wp:attachment":[{"href":"https:\/\/oxomuseomadrid.com\/en\/wp-json\/wp\/v2\/media?parent=1646"}],"curies":[{"name":"wp","href":"https:\/\/api.w.org\/{rel}","templated":true}]}}