{"id":1702,"date":"2025-01-14T17:47:43","date_gmt":"2025-01-14T15:47:43","guid":{"rendered":"https:\/\/oxomuseomadrid.com\/?page_id=1702"},"modified":"2025-01-20T14:05:09","modified_gmt":"2025-01-20T12:05:09","slug":"videojuegos-x-alimentos","status":"publish","type":"page","link":"https:\/\/oxomuseomadrid.com\/en\/videojuegos-x-alimentos\/","title":{"rendered":"Video games x food"},"content":{"rendered":"<p><img decoding=\"async\" src=\"\/wp-content\/uploads\/2025\/01\/line-09.png\" alt=\"\" title=\"\"><\/p>\n<h1>MERCADILLO SOLIDARIO<br \/>VIDEOJUEGOS X ALIMENTOS<\/h1>\n<h1>MERCADILLO SOLIDARIO<br \/>VIDEOJUEGOS X ALIMENTOS<\/h1>\n<ul>\n<li>\n<p><img decoding=\"async\" src=\"\/wp-content\/uploads\/2025\/01\/vxa7.png\" alt=\"\" title=\"\"><\/p>\n<\/li>\n<li>\n<div>D\u00eda<\/div>\n<p>8 Febrero, 2025<\/p>\n<\/li>\n<li>\n<div>Duraci\u00f3n<\/div>\n<p>Todo el d\u00eda<\/p>\n<\/li>\n<li>\n<div>Precio<\/div>\n<p>Intercambio gratuito<\/p>\n<\/li>\n<\/ul>\n<p><img decoding=\"async\" src=\"\/wp-content\/uploads\/2025\/01\/12527929_1294526583907771_236400581_n-595x446-1.jpg\" alt=\"\" title=\"\"><br \/>\n<img decoding=\"async\" src=\"\/wp-content\/uploads\/2025\/01\/12596166_1294526743907755_447414328_n-595x446-1.jpg\" alt=\"\" title=\"\"><\/p>\n<div>\n<p><strong>OXO Museo del Videojuego Madrid y Videojuegos por Alimentos te esperan el 8 de febrero<\/strong><\/p>\n<p>El pr\u00f3ximo 8 de febrero, OXO Museo del Videojuego Madrid se une a la iniciativa solidaria Videojuegos por Alimentos (VxA) en una jornada especial durante toda la apertura del museo. Una oportunidad perfecta para ayudar a quienes m\u00e1s lo necesitan mientras disfrutas de tu pasi\u00f3n por los videojuegos.<\/p>\n<p><strong>\u00bfC\u00f3mo funciona?<\/strong><br \/>Es muy sencillo: trae alimentos no perecederos al museo y podr\u00e1s intercambiarlos por videojuegos de una selecci\u00f3n especialmente preparada. Cada donaci\u00f3n se traduce en horas de entretenimiento, solidaridad y apoyo a una causa noble.<\/p>\n<p><strong>\u00bfTienes videojuegos que ya no usas?<\/strong><br \/>Si deseas donar videojuegos para esta acci\u00f3n, puedes hacerlo antes del 7 de febrero llev\u00e1ndolos directamente al museo. As\u00ed, contribuyes a ampliar la oferta de t\u00edtulos disponibles para el evento y ayudas a que m\u00e1s personas puedan participar.<\/p>\n<p><strong>Importante:<\/strong> el acceso al intercambio es gratuito, pero no incluye entrada a la exposici\u00f3n del museo.<\/p>\n<p><strong>No pierdas la oportunidad de ser parte de esta gran iniciativa. \u00a1Te esperamos el 8 de febrero en OXO Museo del Videojuego Madrid!<\/strong><\/p>\n<\/div>\n<p><!--more--><br \/>\n<!-- {\"type\":\"layout\",\"children\":[{\"type\":\"section\",\"props\":{\"header_transparent\":false,\"header_transparent_noplaceholder\":true,\"header_transparent_text_color\":\"dark\",\"image_position\":\"center-center\",\"overlap\":false,\"padding_remove_bottom\":true,\"padding_remove_top\":false,\"style\":\"muted\",\"title_breakpoint\":\"xl\",\"title_position\":\"top-left\",\"title_rotation\":\"left\",\"vertical_align\":\"\",\"width\":\"\"},\"children\":[{\"type\":\"row\",\"children\":[{\"type\":\"column\",\"props\":{\"image_position\":\"center-center\",\"position_sticky_breakpoint\":\"m\"},\"children\":[{\"type\":\"image\",\"props\":{\"blend\":false,\"image\":\"wp-content\\\/uploads\\\/2025\\\/01\\\/line-09.png\",\"image_height\":\"1195\",\"image_loading\":true,\"image_svg_animate\":true,\"image_svg_color\":\"emphasis\",\"image_svg_inline\":true,\"image_width\":\"455\",\"margin\":\"default\",\"position\":\"absolute\",\"position_right\":\"0\",\"position_top\":\"-100\",\"position_z_index\":\"1\",\"text_align\":\"right\",\"visibility\":\"s\"}}]}],\"props\":{\"margin\":\"remove-vertical\"}},{\"type\":\"row\",\"children\":[{\"type\":\"column\",\"props\":{\"image_position\":\"center-center\",\"position_sticky_breakpoint\":\"m\"},\"children\":[{\"type\":\"headline\",\"props\":{\"content\":\"MERCADILLO SOLIDARIO<br \\\/>VIDEOJUEGOS X ALIMENTOS\",\"css\":\".el-element{\\n    font-family:'ACUMIN PRO';\\n    font-size:65px;\\n    line-height:0.8;\\n}\\n\",\"margin\":\"small\",\"position\":\"relative\",\"position_z_index\":\"1\",\"text_align\":\"center\",\"title_element\":\"h1\",\"title_style\":\"heading-large\",\"visibility\":\"l\"}},{\"type\":\"headline\",\"props\":{\"content\":\"MERCADILLO SOLIDARIO<br \\\/>VIDEOJUEGOS X ALIMENTOS\",\"css\":\".el-element{\\n    font-family:'ACUMIN PRO';\\n    font-size:35px;\\n    line-height:0.9;\\n}\\n\",\"margin\":\"small\",\"position\":\"relative\",\"position_z_index\":\"1\",\"text_align\":\"center\",\"title_element\":\"h1\",\"title_style\":\"heading-large\",\"visibility\":\"hidden-l\"}},{\"type\":\"grid\",\"props\":{\"content_column_breakpoint\":\"m\",\"content_margin\":\"remove\",\"filter_align\":\"left\",\"filter_all\":true,\"filter_grid_breakpoint\":\"m\",\"filter_grid_width\":\"auto\",\"filter_position\":\"top\",\"filter_style\":\"tab\",\"grid_column_align\":true,\"grid_column_gap\":\"medium\",\"grid_default\":\"1\",\"grid_divider\":true,\"grid_medium\":\"4\",\"grid_row_align\":true,\"grid_row_gap\":\"medium\",\"grid_small\":\"auto\",\"icon_width\":80,\"image_align\":\"left\",\"image_grid_breakpoint\":\"s\",\"image_grid_column_gap\":\"small\",\"image_grid_row_gap\":\"small\",\"image_grid_width\":\"auto\",\"image_height\":\"50\",\"image_loading\":true,\"image_svg_color\":\"emphasis\",\"image_vertical_align\":true,\"item_animation\":true,\"link_style\":\"default\",\"link_text\":\"Read more\",\"margin\":\"large\",\"meta_align\":\"below-title\",\"meta_color\":\"emphasis\",\"meta_element\":\"div\",\"meta_margin\":\"remove\",\"meta_style\":\"text-meta\",\"parallax_easing\":\"1\",\"position\":\"relative\",\"position_z_index\":\"1\",\"show_content\":true,\"show_image\":true,\"show_link\":true,\"show_meta\":true,\"show_title\":true,\"text_align\":\"left\",\"text_align_breakpoint\":\"m\",\"text_align_fallback\":\"center\",\"title_align\":\"top\",\"title_element\":\"div\",\"title_grid_breakpoint\":\"m\",\"title_grid_width\":\"1-2\",\"title_hover_style\":\"reset\",\"title_style\":\"h6\"},\"children\":[{\"type\":\"grid_item\",\"props\":{\"image\":\"wp-content\\\/uploads\\\/2025\\\/01\\\/vxa7.png\",\"meta\":\"\",\"title\":\"\"}},{\"type\":\"grid_item\",\"props\":{\"meta\":\"8 Febrero, 2025\",\"title\":\"D\\u00eda\"}},{\"type\":\"grid_item\",\"props\":{\"meta\":\"Todo el d\\u00eda\",\"title\":\"Duraci\\u00f3n\"}},{\"type\":\"grid_item\",\"props\":{\"meta\":\"Intercambio gratuito\",\"title\":\"Precio\"}}],\"modified\":\"2021-10-12T08:07:13.067Z\"}]}],\"props\":{\"width\":\"small\"}},{\"type\":\"row\",\"props\":{\"layout\":\"1-2,1-2\",\"margin\":\"medium\",\"margin_remove_bottom\":false,\"row_gap\":\"small\",\"width\":\"xlarge\"},\"children\":[{\"type\":\"column\",\"props\":{\"image_position\":\"center-center\",\"position_sticky_breakpoint\":\"m\",\"width_medium\":\"1-2\"},\"children\":[{\"type\":\"image\",\"props\":{\"image\":\"wp-content\\\/uploads\\\/2025\\\/01\\\/12527929_1294526583907771_236400581_n-595x446-1.jpg\",\"image_svg_color\":\"emphasis\",\"margin\":\"default\",\"text_align\":\"right\"}}]},{\"type\":\"column\",\"props\":{\"image_position\":\"center-center\",\"position_sticky_breakpoint\":\"m\",\"width_medium\":\"1-2\"},\"children\":[{\"type\":\"image\",\"props\":{\"blend\":false,\"image\":\"wp-content\\\/uploads\\\/2025\\\/01\\\/12596166_1294526743907755_447414328_n-595x446-1.jpg\",\"image_svg_color\":\"emphasis\",\"margin\":\"default\",\"position\":\"relative\",\"position_z_index\":\"1\",\"text_align\":\"left\"}}]}]}],\"name\":\"Hero\",\"modified\":\"2021-09-21T07:51:47.494Z\"},{\"type\":\"section\",\"props\":{\"image_position\":\"center-center\",\"style\":\"muted\",\"title_breakpoint\":\"xl\",\"title_position\":\"top-left\",\"title_rotation\":\"left\",\"vertical_align\":\"middle\",\"width\":\"small\"},\"children\":[{\"type\":\"row\",\"children\":[{\"type\":\"column\",\"props\":{\"image_position\":\"center-center\",\"position_sticky_breakpoint\":\"m\"},\"children\":[{\"type\":\"text\",\"props\":{\"column_breakpoint\":\"m\",\"content\":\"\n\n<p><strong>OXO Museo del Videojuego Madrid y Videojuegos por Alimentos te esperan el 8 de febrero<\\\/strong><\\\/p>\\n\n\n<p>El pr\\u00f3ximo 8 de febrero, OXO Museo del Videojuego Madrid se une a la iniciativa solidaria Videojuegos por Alimentos (VxA) en una jornada especial durante toda la apertura del museo. Una oportunidad perfecta para ayudar a quienes m\\u00e1s lo necesitan mientras disfrutas de tu pasi\\u00f3n por los videojuegos.<\\\/p>\\n\n\n<p><strong>\\u00bfC\\u00f3mo funciona?<\\\/strong><br \\\/>Es muy sencillo: trae alimentos no perecederos al museo y podr\\u00e1s intercambiarlos por videojuegos de una selecci\\u00f3n especialmente preparada. Cada donaci\\u00f3n se traduce en horas de entretenimiento, solidaridad y apoyo a una causa noble.<\\\/p>\\n\n\n<p><strong>\\u00bfTienes videojuegos que ya no usas?<\\\/strong><br \\\/>Si deseas donar videojuegos para esta acci\\u00f3n, puedes hacerlo antes del 7 de febrero llev\\u00e1ndolos directamente al museo. As\\u00ed, contribuyes a ampliar la oferta de t\\u00edtulos disponibles para el evento y ayudas a que m\\u00e1s personas puedan participar.<\\\/p>\\n\n\n<p><strong>Importante:<\\\/strong> el acceso al intercambio es gratuito, pero no incluye entrada a la exposici\\u00f3n del museo.<\\\/p>\\n\n\n<p><strong>No pierdas la oportunidad de ser parte de esta gran iniciativa. \\u00a1Te esperamos el 8 de febrero en OXO Museo del Videojuego Madrid!<\\\/strong><\\\/p>\",\"css\":\".el-element{\\n    color: #fff;\\n    font-size:18px;\\n}\",\"margin\":\"default\",\"text_align\":\"justify\"}}]}]}]}],\"version\":\"4.4.16\"} --><\/p>\n","protected":false},"excerpt":{"rendered":"<p>MERCADILLO SOLIDARIOVIDEOJUEGOS X ALIMENTOS MERCADILLO SOLIDARIOVIDEOJUEGOS X ALIMENTOS D\u00eda 8 Febrero, 2025 Duraci\u00f3n Todo el d\u00eda Precio Intercambio gratuito OXO Museo del Videojuego Madrid y Videojuegos por Alimentos te esperan el 8 de febrero El pr\u00f3ximo 8 de febrero, OXO Museo del Videojuego Madrid se une a la iniciativa solidaria Videojuegos por Alimentos (VxA) en [&hellip;]<\/p>\n","protected":false},"author":1,"featured_media":0,"parent":0,"menu_order":0,"comment_status":"closed","ping_status":"closed","template":"","meta":{"footnotes":""},"class_list":["post-1702","page","type-page","status-publish","hentry"],"_links":{"self":[{"href":"https:\/\/oxomuseomadrid.com\/en\/wp-json\/wp\/v2\/pages\/1702","targetHints":{"allow":["GET"]}}],"collection":[{"href":"https:\/\/oxomuseomadrid.com\/en\/wp-json\/wp\/v2\/pages"}],"about":[{"href":"https:\/\/oxomuseomadrid.com\/en\/wp-json\/wp\/v2\/types\/page"}],"author":[{"embeddable":true,"href":"https:\/\/oxomuseomadrid.com\/en\/wp-json\/wp\/v2\/users\/1"}],"replies":[{"embeddable":true,"href":"https:\/\/oxomuseomadrid.com\/en\/wp-json\/wp\/v2\/comments?post=1702"}],"version-history":[{"count":0,"href":"https:\/\/oxomuseomadrid.com\/en\/wp-json\/wp\/v2\/pages\/1702\/revisions"}],"wp:attachment":[{"href":"https:\/\/oxomuseomadrid.com\/en\/wp-json\/wp\/v2\/media?parent=1702"}],"curies":[{"name":"wp","href":"https:\/\/api.w.org\/{rel}","templated":true}]}}