{"id":1721,"date":"2025-01-30T18:29:00","date_gmt":"2025-01-30T16:29:00","guid":{"rendered":"https:\/\/oxomuseomadrid.com\/?page_id=1721"},"modified":"2025-11-05T12:42:10","modified_gmt":"2025-11-05T10:42:10","slug":"the-cave","status":"publish","type":"page","link":"https:\/\/oxomuseomadrid.com\/en\/the-cave\/","title":{"rendered":"THE CAVE"},"content":{"rendered":"<h1>RESERVA TU ESPACIO EN<\/h1>\n<p><img decoding=\"async\" src=\"\/wp-content\/uploads\/2025\/01\/CAVE-NEON.logo-web_Mesa-de-trabajo-1.svg\" alt=\"\" title=\"\"><\/p>\n<p>\n    <a href=\"mailto:eventos.madrid@oxomuseo.com\">CONT\u00c1CTANOS<\/a>\n<\/p>\n<h1>RESERVA TU ESPACIO EN<\/h1>\n<p><img decoding=\"async\" src=\"\/wp-content\/uploads\/2025\/01\/CAVE-NEON.logo-web_Mesa-de-trabajo-1.svg\" alt=\"\" title=\"\"><\/p>\n<p>\n    <a href=\"mailto:eventos.madrid@oxomuseo.com\">CONT\u00c1CTANOS<\/a>\n<\/p>\n<h2>THE CAVE TE ESPERA<\/h2>\n<h2>THE CAVE TE ESPERA<\/h2>\n<div>\n<p><b>The Cave<\/b> <span style=\"font-weight: 400;\">es el espacio perfecto para convertir tu evento privado en una experiencia inolvidable. Ubicado en el coraz\u00f3n de Madrid, su atm\u00f3sfera \u00fanica combina techos abovedados y paredes de ladrillo visto que crean un ambiente acogedor y exclusivo. Ideal para cumplea\u00f1os, reuniones privadas, celebraciones o presentaciones, este enclave \u00edntimo destaca por su versatilidad y encanto\u00a0singular.<\/span><\/p>\n<p><span style=\"font-weight: 400;\">Adem\u00e1s, cuentas con la posibilidad de contratar un servicio de catering que se adapta a tus necesidades, asegurando que cada detalle est\u00e9 cuidado. Asimismo, pregunta por la posibilidad de completar tu eventos con una visita guiada al museo.\u00a0<\/span><\/p>\n<p><span style=\"font-weight: 400;\">Si buscas un lugar especial que combine estilo, privacidad y comodidad, <\/span><b>The Cave es la elecci\u00f3n perfecta para tu pr\u00f3ximo evento<\/b><span style=\"font-weight: 400;\">.<\/span><\/p>\n<\/div>\n<ul>\n<li>\n<p>        <img decoding=\"async\" src=\"\/wp-content\/uploads\/2025\/01\/DSC05018333.jpg\" alt=\"\" title=\"\"><\/p>\n<\/li>\n<li>\n<p>        <img decoding=\"async\" src=\"\/wp-content\/uploads\/2025\/01\/33333.jpg\" alt=\"\" title=\"\"><\/p>\n<\/li>\n<\/ul>\n<ul>\n<li>\n<p>        <img decoding=\"async\" src=\"\/wp-content\/uploads\/2025\/01\/foto-the-cave.jpg\" alt=\"\" title=\"\"><\/p>\n<\/li>\n<li>\n<p>        <img decoding=\"async\" src=\"\/wp-content\/uploads\/2025\/01\/3333333333.jpg\" alt=\"\" title=\"\"><\/p>\n<\/li>\n<li>\n<p>        <img decoding=\"async\" src=\"\/wp-content\/uploads\/2025\/01\/thw-cave.jpg\" alt=\"\" title=\"\"><\/p>\n<\/li>\n<\/ul>\n<p><!--more--><br \/>\n<!-- {\"type\":\"layout\",\"children\":[{\"name\":\"Hero\",\"type\":\"section\",\"props\":{\"height\":\"viewport\",\"height_viewport\":75,\"image\":\"wp-content\\\/uploads\\\/2025\\\/01\\\/DSC05010.jpg\",\"image_position\":\"center-center\",\"image_size\":\"cover\",\"media_overlay\":\"rgba(0, 0, 0, 0.08)\",\"padding_remove_top\":false,\"style\":\"default\",\"title_breakpoint\":\"xl\",\"title_position\":\"top-left\",\"title_rotation\":\"left\",\"vertical_align\":\"\",\"width\":\"\"},\"children\":[{\"type\":\"row\",\"children\":[{\"type\":\"column\",\"props\":{\"image_position\":\"center-center\",\"position_sticky_breakpoint\":\"m\",\"vertical_align\":\"middle\",\"width_medium\":\"1-1\"},\"children\":[{\"type\":\"headline\",\"props\":{\"content\":\"RESERVA TU ESPACIO EN\",\"css\":\".el-element{\\n    font-family: 'ACUMIN PRO';\\n    font-size: 62px;\\n}\",\"margin\":\"remove-vertical\",\"margin_remove_bottom\":true,\"text_align\":\"center\",\"title_element\":\"h1\",\"visibility\":\"l\"}},{\"type\":\"image\",\"props\":{\"image\":\"wp-content\\\/uploads\\\/2025\\\/01\\\/CAVE-NEON.logo-web_Mesa-de-trabajo-1.svg\",\"image_svg_color\":\"emphasis\",\"image_width\":900,\"margin\":\"remove-vertical\",\"margin_remove_top\":true,\"text_align\":\"center\",\"visibility\":\"l\"}},{\"type\":\"button\",\"props\":{\"button_size\":\"large\",\"grid_column_gap\":\"small\",\"grid_row_gap\":\"small\",\"margin\":\"medium\",\"text_align\":\"center\",\"visibility\":\"l\"},\"children\":[{\"type\":\"button_item\",\"props\":{\"button_style\":\"secondary\",\"content\":\"CONT\\u00c1CTANOS\",\"icon_align\":\"left\",\"link\":\"mailto:eventos.madrid@oxomuseo.com\"}}]}]}]}]},{\"name\":\"Hero\",\"type\":\"section\",\"props\":{\"height\":\"viewport\",\"height_viewport\":75,\"image\":\"wp-content\\\/uploads\\\/2025\\\/01\\\/DSC05010.jpg\",\"image_position\":\"center-center\",\"image_size\":\"cover\",\"media_overlay\":\"rgba(0, 0, 0, 0.08)\",\"padding_remove_top\":false,\"style\":\"default\",\"title_breakpoint\":\"xl\",\"title_position\":\"top-left\",\"title_rotation\":\"left\",\"vertical_align\":\"\",\"width\":\"\"},\"children\":[{\"type\":\"row\",\"children\":[{\"type\":\"column\",\"props\":{\"image_position\":\"center-center\",\"position_sticky_breakpoint\":\"m\",\"vertical_align\":\"middle\",\"width_medium\":\"1-1\"},\"children\":[{\"type\":\"headline\",\"props\":{\"content\":\"RESERVA TU ESPACIO EN\",\"css\":\".el-element{\\n    font-family: 'ACUMIN PRO';\\n    font-size: 46px;\\n    line-height:0.8;\\n    margin-top:80px;\\n}\",\"margin\":\"default\",\"margin_remove_bottom\":false,\"text_align\":\"center\",\"title_element\":\"h1\",\"visibility\":\"hidden-l\"}},{\"type\":\"image\",\"props\":{\"image\":\"wp-content\\\/uploads\\\/2025\\\/01\\\/CAVE-NEON.logo-web_Mesa-de-trabajo-1.svg\",\"image_svg_color\":\"emphasis\",\"image_width\":800,\"margin\":\"default\",\"margin_remove_top\":false,\"text_align\":\"center\",\"visibility\":\"hidden-l\"}},{\"type\":\"button\",\"props\":{\"grid_column_gap\":\"small\",\"grid_row_gap\":\"small\",\"margin\":\"medium\",\"text_align\":\"center\",\"visibility\":\"hidden-l\"},\"children\":[{\"type\":\"button_item\",\"props\":{\"button_style\":\"secondary\",\"content\":\"CONT\\u00c1CTANOS\",\"icon_align\":\"left\",\"link\":\"mailto:eventos.madrid@oxomuseo.com\"}}]}]}],\"props\":{\"margin\":\"large\",\"margin_remove_bottom\":false}}]},{\"name\":\"About\",\"type\":\"section\",\"props\":{\"image_position\":\"center-center\",\"style\":\"default\",\"title_breakpoint\":\"xl\",\"title_position\":\"top-left\",\"title_rotation\":\"left\",\"vertical_align\":\"\",\"width\":\"large\"},\"children\":[{\"type\":\"row\",\"children\":[{\"type\":\"column\",\"props\":{\"image_position\":\"center-center\",\"position_sticky_breakpoint\":\"m\",\"width_medium\":\"1-1\"},\"children\":[{\"type\":\"divider\",\"props\":{\"animation\":\"none\",\"divider_element\":\"div\",\"divider_style\":\"small\",\"margin_remove_bottom\":false}},{\"type\":\"headline\",\"props\":{\"animation\":\"parallax\",\"content\":\"THE CAVE TE ESPERA\",\"css\":\".el-element{\\n    font-family:'ACUMIN PRO';\\n}\",\"margin\":\"small\",\"margin_remove_top\":false,\"parallax_breakpoint\":\"m\",\"parallax_easing\":\"1\",\"parallax_end\":\"60vh + 60%\",\"parallax_opacity\":\"0.3,1\",\"parallax_y\":\"30,0\",\"title_element\":\"h2\",\"title_font_family\":\"primary\",\"title_style\":\"heading-medium\",\"visibility\":\"l\"}},{\"type\":\"headline\",\"props\":{\"animation\":\"parallax\",\"content\":\"THE CAVE TE ESPERA\",\"css\":\".el-element{\\n    font-family:'ACUMIN PRO';\\n    line-height:0.8;\\n}\",\"margin\":\"small\",\"margin_remove_top\":false,\"parallax_breakpoint\":\"m\",\"parallax_easing\":\"1\",\"parallax_end\":\"60vh + 60%\",\"parallax_opacity\":\"0.3,1\",\"parallax_y\":\"30,0\",\"title_element\":\"h2\",\"title_font_family\":\"primary\",\"title_style\":\"heading-medium\",\"visibility\":\"hidden-l\"}},{\"type\":\"text\",\"props\":{\"animation\":\"none\",\"column_breakpoint\":\"m\",\"column_divider\":false,\"content\":\"\n\n<p><b>The Cave<\\\/b> <span style=\\\"font-weight: 400;\\\">es el espacio perfecto para convertir tu evento privado en una experiencia inolvidable. Ubicado en el coraz\\u00f3n de Madrid, su atm\\u00f3sfera \\u00fanica combina techos abovedados y paredes de ladrillo visto que crean un ambiente acogedor y exclusivo. Ideal para cumplea\\u00f1os, reuniones privadas, celebraciones o presentaciones, este enclave \\u00edntimo destaca por su versatilidad y encanto\\u00a0singular.<\\\/span><\\\/p>\\n\n\n<p><span style=\\\"font-weight: 400;\\\">Adem\\u00e1s, cuentas con la posibilidad de contratar un servicio de catering que se adapta a tus necesidades, asegurando que cada detalle est\\u00e9 cuidado. Asimismo, pregunta por la posibilidad de completar tu eventos con una visita guiada al museo.\\u00a0<\\\/span><\\\/p>\\n\n\n<p><span style=\\\"font-weight: 400;\\\">Si buscas un lugar especial que combine estilo, privacidad y comodidad, <\\\/span><b>The Cave es la elecci\\u00f3n perfecta para tu pr\\u00f3ximo evento<\\\/b><span style=\\\"font-weight: 400;\\\">.<\\\/span><\\\/p>\",\"css\":\".el-element{\\n    font-size:18px;\\n}\\n\",\"margin\":\"default\",\"text_align\":\"justify\"}}]}]}]},{\"name\":\"Gallery\",\"type\":\"section\",\"props\":{\"image_position\":\"center-center\",\"padding_remove_top\":true,\"style\":\"default\",\"title_breakpoint\":\"xl\",\"title_position\":\"top-left\",\"title_rotation\":\"left\",\"vertical_align\":\"\",\"width\":\"xlarge\"},\"children\":[{\"type\":\"row\",\"children\":[{\"type\":\"column\",\"props\":{\"image_position\":\"center-center\",\"position_sticky_breakpoint\":\"m\",\"width_medium\":\"1-1\"},\"children\":[{\"type\":\"gallery\",\"props\":{\"animation\":\"parallax\",\"filter_align\":\"left\",\"filter_all\":true,\"filter_grid_breakpoint\":\"m\",\"filter_grid_width\":\"auto\",\"filter_position\":\"top\",\"filter_style\":\"tab\",\"grid_column_gap\":\"small\",\"grid_default\":\"1\",\"grid_medium\":\"2\",\"grid_row_gap\":\"small\",\"image_width\":\"900\",\"item_animation\":true,\"lightbox_bg_close\":true,\"link_style\":\"default\",\"link_text\":\"Read more\",\"margin\":\"small\",\"meta_align\":\"below-title\",\"meta_element\":\"div\",\"meta_style\":\"text-meta\",\"overlay_hover\":true,\"overlay_mode\":\"cover\",\"overlay_position\":\"center\",\"overlay_style\":\"\",\"overlay_transition\":\"fade\",\"parallax_breakpoint\":\"m\",\"parallax_easing\":\"1\",\"parallax_end\":\"70vh + 70%\",\"parallax_opacity\":\"0.7,1\",\"parallax_y\":\"40,0\",\"show_content\":true,\"show_hover_image\":true,\"show_hover_video\":true,\"show_link\":true,\"show_meta\":true,\"show_title\":false,\"text_align\":\"center\",\"text_color\":\"light\",\"title_element\":\"h3\",\"title_hover_style\":\"reset\"},\"children\":[{\"type\":\"gallery_item\",\"props\":{\"image\":\"wp-content\\\/uploads\\\/2025\\\/01\\\/DSC05018333.jpg\",\"title\":\"\"}},{\"type\":\"gallery_item\",\"props\":{\"image\":\"wp-content\\\/uploads\\\/2025\\\/01\\\/33333.jpg\",\"title\":\"\"}}]},{\"type\":\"gallery\",\"props\":{\"animation\":\"parallax\",\"filter_align\":\"left\",\"filter_all\":true,\"filter_grid_breakpoint\":\"m\",\"filter_grid_width\":\"auto\",\"filter_position\":\"top\",\"filter_style\":\"tab\",\"grid_column_gap\":\"small\",\"grid_default\":\"1\",\"grid_medium\":\"3\",\"grid_row_gap\":\"small\",\"image_width\":\"900\",\"item_animation\":true,\"lightbox_bg_close\":true,\"link_style\":\"default\",\"link_text\":\"Read more\",\"margin\":\"\",\"meta_align\":\"below-title\",\"meta_element\":\"div\",\"meta_style\":\"text-meta\",\"overlay_hover\":true,\"overlay_mode\":\"cover\",\"overlay_position\":\"center\",\"overlay_style\":\"\",\"overlay_transition\":\"fade\",\"parallax_breakpoint\":\"m\",\"parallax_easing\":\"1\",\"parallax_end\":\"70vh + 70%\",\"parallax_opacity\":\"0.7,1\",\"parallax_y\":\"40,0\",\"show_content\":true,\"show_hover_image\":true,\"show_hover_video\":true,\"show_link\":true,\"show_meta\":true,\"show_title\":false,\"text_align\":\"center\",\"text_color\":\"light\",\"title_element\":\"h3\",\"title_hover_style\":\"reset\"},\"children\":[{\"type\":\"gallery_item\",\"props\":{\"image\":\"wp-content\\\/uploads\\\/2025\\\/01\\\/foto-the-cave.jpg\",\"title\":\"\"}},{\"type\":\"gallery_item\",\"props\":{\"image\":\"wp-content\\\/uploads\\\/2025\\\/01\\\/3333333333.jpg\",\"title\":\"\"}},{\"type\":\"gallery_item\",\"props\":{\"image\":\"wp-content\\\/uploads\\\/2025\\\/01\\\/thw-cave.jpg\",\"title\":\"\"}}]}]}]}]}],\"version\":\"4.4.16\"} --><\/p>\n","protected":false},"excerpt":{"rendered":"<p>RESERVA TU ESPACIO EN CONT\u00c1CTANOS RESERVA TU ESPACIO EN CONT\u00c1CTANOS THE CAVE TE ESPERA THE CAVE TE ESPERA The Cave es el espacio perfecto para convertir tu evento privado en una experiencia inolvidable. Ubicado en el coraz\u00f3n de Madrid, su atm\u00f3sfera \u00fanica combina techos abovedados y paredes de ladrillo visto que crean un ambiente acogedor [&hellip;]<\/p>\n","protected":false},"author":1,"featured_media":1722,"parent":0,"menu_order":0,"comment_status":"closed","ping_status":"closed","template":"","meta":{"footnotes":""},"class_list":["post-1721","page","type-page","status-publish","has-post-thumbnail","hentry"],"_links":{"self":[{"href":"https:\/\/oxomuseomadrid.com\/en\/wp-json\/wp\/v2\/pages\/1721","targetHints":{"allow":["GET"]}}],"collection":[{"href":"https:\/\/oxomuseomadrid.com\/en\/wp-json\/wp\/v2\/pages"}],"about":[{"href":"https:\/\/oxomuseomadrid.com\/en\/wp-json\/wp\/v2\/types\/page"}],"author":[{"embeddable":true,"href":"https:\/\/oxomuseomadrid.com\/en\/wp-json\/wp\/v2\/users\/1"}],"replies":[{"embeddable":true,"href":"https:\/\/oxomuseomadrid.com\/en\/wp-json\/wp\/v2\/comments?post=1721"}],"version-history":[{"count":0,"href":"https:\/\/oxomuseomadrid.com\/en\/wp-json\/wp\/v2\/pages\/1721\/revisions"}],"wp:featuredmedia":[{"embeddable":true,"href":"https:\/\/oxomuseomadrid.com\/en\/wp-json\/wp\/v2\/media\/1722"}],"wp:attachment":[{"href":"https:\/\/oxomuseomadrid.com\/en\/wp-json\/wp\/v2\/media?parent=1721"}],"curies":[{"name":"wp","href":"https:\/\/api.w.org\/{rel}","templated":true}]}}