{"id":4898,"date":"2025-07-07T10:17:11","date_gmt":"2025-07-07T08:17:11","guid":{"rendered":"https:\/\/oxomuseomadrid.com\/?page_id=4898"},"modified":"2025-07-07T16:53:37","modified_gmt":"2025-07-07T14:53:37","slug":"lvp-25","status":"publish","type":"page","link":"https:\/\/oxomuseomadrid.com\/en\/lvp-25\/","title":{"rendered":"LVP25"},"content":{"rendered":"<h1>\u00a1GG! TU PLAYER 2 YA TIENE ENTRADA PARA OXO MUSEO MADRID.<\/h1>\n<h1>\u00a1GG! TU PLAYER 2 YA TIENE ENTRADA PARA OXO MUSEO MADRID.<\/h1>\n<div>\n<p><span>Solo tienes que venir con tu entrada y tendremos todo listo para que los dos viv\u00e1is en primera persona la historia de los videojuegos.<\/span><\/p>\n<\/div>\n<ul>\n<li>\n<p>        <img decoding=\"async\" src=\"\/wp-content\/uploads\/2025\/07\/OXO-MADRID.jpg\" alt=\"\" title=\"\"><\/p>\n<\/li>\n<li>\n<p>        <img decoding=\"async\" src=\"\/wp-content\/uploads\/2025\/07\/OXO-Madrid-arcade.jpg\" alt=\"\" title=\"\"><\/p>\n<\/li>\n<li>\n<p>        <img decoding=\"async\" src=\"\/wp-content\/uploads\/2025\/07\/Luigi-mansion-OXO-Madrid.jpg\" alt=\"\" title=\"\"><\/p>\n<\/li>\n<li>\n<p>        <img decoding=\"async\" src=\"\/wp-content\/uploads\/2025\/07\/Historia-videojuegos.jpg\" alt=\"\" title=\"\"><\/p>\n<\/li>\n<li>\n<p>        <img decoding=\"async\" src=\"\/wp-content\/uploads\/2025\/07\/VR-OXO-Madrid.jpg\" alt=\"\" title=\"\"><\/p>\n<\/li>\n<li>\n<p>        <img decoding=\"async\" src=\"\/wp-content\/uploads\/2025\/07\/Diversion-OXO-Madrid.jpg\" alt=\"\" title=\"\"><\/p>\n<\/li>\n<li>\n<p>        <img decoding=\"async\" src=\"\/wp-content\/uploads\/2025\/07\/OXO.jpg\" alt=\"\" title=\"\"><\/p>\n<\/li>\n<\/ul>\n<h2>Y para que os hag\u00e1is una idea de lo que os espera\u2026<br \/>aqu\u00ed va un peque\u00f1o adelanto \ud83e\udee3 \u00a1Nos vemos pronto!<\/h2>\n<h3>Y para que os hag\u00e1is una idea de lo que os espera\u2026<br \/>aqu\u00ed va un peque\u00f1o adelanto \ud83e\udee3 \u00a1Nos vemos pronto!<\/h3>\n<p><iframe src=\"https:\/\/www.youtube.com\/embed\/czM23gkLn3w?autoplay=1&#038;mute=1\"><\/iframe><\/p>\n<div>\n<p>        <img decoding=\"async\" src=\"\/wp-content\/uploads\/2024\/12\/IMG_0943.jpg\" alt=\"\" title=\"\"><\/p>\n<h2>Descubre nuestra<br \/> exposici\u00f3n temporal<\/h2>\n<div>\n<p><span>Sum\u00e9rgete en un emocionante recorrido por tres d\u00e9cadas de innovaci\u00f3n y entretenimiento. Desde el lanzamiento de la ic\u00f3nica PlayStation en 1994 hasta la PlayStation 5.<\/span><\/p>\n<\/div>\n<p><a href=\"https:\/\/oxomuseomadrid.com\/exposicion-playstation\/\">Ver exposici\u00f3n<\/a><\/p>\n<\/div>\n<p><!--more--><br \/>\n<!-- {\"type\":\"layout\",\"children\":[{\"type\":\"section\",\"props\":{\"animation\":\"slide-bottom-small\",\"image_position\":\"center-center\",\"padding\":\"large\",\"padding_remove_bottom\":true,\"style\":\"default\",\"title_breakpoint\":\"xl\",\"title_position\":\"top-left\",\"title_rotation\":\"left\",\"vertical_align\":\"\",\"width\":\"\"},\"children\":[{\"type\":\"row\",\"children\":[{\"type\":\"column\",\"props\":{\"image_position\":\"center-center\",\"position_sticky_breakpoint\":\"m\"},\"children\":[{\"type\":\"headline\",\"props\":{\"block_align\":\"center\",\"content\":\"\\u00a1GG! TU PLAYER 2 YA TIENE ENTRADA PARA OXO MUSEO MADRID.\",\"css\":\".el-element{\\n    font-family:'ACUMIN PRO';\\n    font-size:60px;\\n    line-height:0.9;\\n}\",\"maxwidth\":\"2xlarge\",\"text_align\":\"center\",\"title_element\":\"h1\",\"visibility\":\"l\"},\"modified\":\"2021-08-23T12:54:01.320Z\"},{\"type\":\"headline\",\"props\":{\"content\":\"\\u00a1GG! TU PLAYER 2 YA TIENE ENTRADA PARA OXO MUSEO MADRID.\",\"css\":\".el-element{\\n    font-family:'ACUMIN PRO';\\n    font-size:35px;\\n    line-height:0.9;\\n}\",\"text_align\":\"center\",\"title_element\":\"h1\",\"visibility\":\"hidden-l\"},\"modified\":\"2021-08-23T12:54:01.320Z\"},{\"type\":\"text\",\"props\":{\"block_align\":\"center\",\"column_breakpoint\":\"m\",\"content\":\"\n\n<p><span>Solo tienes que venir con tu entrada y tendremos todo listo para que los dos viv\\u00e1is en primera persona la historia de los videojuegos.<\\\/span><\\\/p>\",\"margin\":\"default\",\"maxwidth\":\"2xlarge\",\"text_align\":\"center\",\"text_style\":\"large\"},\"modified\":\"2021-08-23T12:54:10.124Z\"}]}]},{\"type\":\"row\",\"props\":{\"margin\":\"xlarge\"},\"children\":[{\"type\":\"column\",\"props\":{\"image_position\":\"center-center\",\"position_sticky_breakpoint\":\"m\"},\"children\":[{\"type\":\"overlay-slider\",\"props\":{\"image_height\":\"450\",\"link_style\":\"default\",\"link_text\":\"Read more\",\"margin\":\"default\",\"meta_align\":\"below-title\",\"meta_element\":\"div\",\"meta_style\":\"text-meta\",\"nav\":\"\",\"nav_align\":\"center\",\"nav_below\":true,\"nav_breakpoint\":\"s\",\"nav_position\":\"bottom-center\",\"nav_position_margin\":\"medium\",\"overlay_link\":false,\"overlay_mode\":\"cover\",\"overlay_position\":\"center\",\"overlay_transition\":\"fade\",\"show_content\":true,\"show_hover_image\":true,\"show_hover_video\":true,\"show_link\":true,\"show_meta\":true,\"show_title\":true,\"slidenav\":\"default\",\"slidenav_breakpoint\":\"s\",\"slidenav_margin\":\"medium\",\"slidenav_outside_breakpoint\":\"xl\",\"slider_autoplay\":true,\"slider_autoplay_interval\":\"5\",\"slider_autoplay_pause\":true,\"slider_center\":true,\"slider_gap\":\"small\",\"slider_width\":\"\",\"slider_width_default\":\"1-1\",\"slider_width_medium\":\"1-3\",\"text_align\":\"center\",\"title_element\":\"h3\",\"title_hover_style\":\"reset\"},\"children\":[{\"type\":\"overlay-slider_item\",\"props\":{\"image\":\"wp-content\\\/uploads\\\/2025\\\/07\\\/OXO-MADRID.jpg\"}},{\"type\":\"overlay-slider_item\",\"props\":{\"image\":\"wp-content\\\/uploads\\\/2025\\\/07\\\/OXO-Madrid-arcade.jpg\"}},{\"type\":\"overlay-slider_item\",\"props\":{\"image\":\"wp-content\\\/uploads\\\/2025\\\/07\\\/Luigi-mansion-OXO-Madrid.jpg\"}},{\"type\":\"overlay-slider_item\",\"props\":{\"image\":\"wp-content\\\/uploads\\\/2025\\\/07\\\/Historia-videojuegos.jpg\"}},{\"type\":\"overlay-slider_item\",\"props\":{\"image\":\"wp-content\\\/uploads\\\/2025\\\/07\\\/VR-OXO-Madrid.jpg\"}},{\"type\":\"overlay-slider_item\",\"props\":{\"image\":\"wp-content\\\/uploads\\\/2025\\\/07\\\/Diversion-OXO-Madrid.jpg\"}},{\"type\":\"overlay-slider_item\",\"props\":{\"image\":\"wp-content\\\/uploads\\\/2025\\\/07\\\/OXO.jpg\"}}]}]}]},{\"type\":\"row\",\"children\":[{\"type\":\"column\",\"props\":{\"image_position\":\"center-center\",\"position_sticky_breakpoint\":\"m\"},\"children\":[{\"type\":\"headline\",\"props\":{\"animation\":\"none\",\"content\":\"Y para que os hag\\u00e1is una idea de lo que os espera\\u2026<br \\\/>aqu\\u00ed va un peque\\u00f1o adelanto \\ud83e\\udee3 \\u00a1Nos vemos pronto!\",\"text_align\":\"center\",\"title_element\":\"h2\",\"visibility\":\"l\"}},{\"type\":\"headline\",\"props\":{\"animation\":\"none\",\"content\":\"Y para que os hag\\u00e1is una idea de lo que os espera\\u2026<br \\\/>aqu\\u00ed va un peque\\u00f1o adelanto \\ud83e\\udee3 \\u00a1Nos vemos pronto!\",\"text_align\":\"center\",\"title_element\":\"h3\",\"visibility\":\"hidden-l\"}},{\"name\":\"Video Autoplay Inline\",\"type\":\"video\",\"props\":{\"margin\":\"medium\",\"text_align\":\"center\",\"video\":\"https:\\\/\\\/www.youtube.com\\\/embed\\\/czM23gkLn3w?autoplay=1&mute=1\",\"video_autoplay\":true,\"video_box_decoration\":\"primary\",\"video_controls\":false,\"video_lazyload\":false,\"video_loop\":true,\"video_muted\":true,\"video_playsinline\":true,\"video_width\":1000}}]}],\"props\":{\"width\":\"xlarge\"}}],\"name\":\"Careers\"},{\"type\":\"section\",\"props\":{\"image_position\":\"center-center\",\"padding\":\"xlarge\",\"padding_remove_bottom\":false,\"style\":\"default\",\"title_breakpoint\":\"xl\",\"title_position\":\"top-left\",\"title_rotation\":\"left\",\"vertical_align\":\"\",\"width\":\"large\"},\"children\":[{\"type\":\"row\",\"children\":[{\"type\":\"column\",\"props\":{\"image_position\":\"center-center\",\"position_sticky_breakpoint\":\"m\"},\"children\":[{\"type\":\"panel\",\"props\":{\"content\":\"\n\n<p><span>Sum\\u00e9rgete en un emocionante recorrido por tres d\\u00e9cadas de innovaci\\u00f3n y entretenimiento. Desde el lanzamiento de la ic\\u00f3nica PlayStation en 1994 hasta la PlayStation 5.<\\\/span><\\\/p>\",\"content_column_breakpoint\":\"m\",\"css\":\".el-title{\\n    line-height:1;\\n    font-family: 'ACUMIN PRO';\\n}\",\"icon_width\":80,\"image\":\"wp-content\\\/uploads\\\/2024\\\/12\\\/IMG_0943.jpg\",\"image_align\":\"right\",\"image_grid_breakpoint\":\"s\",\"image_grid_width\":\"3-5\",\"image_link\":true,\"image_svg_color\":\"emphasis\",\"image_vertical_align\":true,\"image_width\":700,\"link\":\"https:\\\/\\\/oxomuseomadrid.com\\\/exposicion-playstation\\\/\",\"link_fullwidth\":false,\"link_margin\":\"medium\",\"link_style\":\"secondary\",\"link_text\":\"Ver exposici\\u00f3n\",\"margin\":\"xlarge\",\"meta_align\":\"below-title\",\"meta_element\":\"div\",\"meta_style\":\"text-meta\",\"panel_expand\":\"image\",\"panel_image_no_padding\":true,\"panel_padding\":\"default\",\"panel_style\":\"card-secondary\",\"text_align\":\"right\",\"text_align_breakpoint\":\"s\",\"text_align_fallback\":\"center\",\"title\":\"Descubre nuestra<br \/> exposici\\u00f3n temporal\",\"title_align\":\"top\",\"title_element\":\"h2\",\"title_grid_breakpoint\":\"m\",\"title_grid_width\":\"1-2\",\"title_hover_style\":\"reset\",\"title_style\":\"h2\"},\"modified\":\"2021-08-23T12:58:46.855Z\"}]}]}],\"name\":\"Benefits\"}],\"version\":\"4.5.6\"} --><\/p>\n","protected":false},"excerpt":{"rendered":"<p>\u00a1GG! TU PLAYER 2 YA TIENE ENTRADA PARA OXO MUSEO MADRID. \u00a1GG! TU PLAYER 2 YA TIENE ENTRADA PARA OXO MUSEO MADRID. Solo tienes que venir con tu entrada y tendremos todo listo para que los dos viv\u00e1is en primera persona la historia de los videojuegos. Y para que os hag\u00e1is una idea de lo [&hellip;]<\/p>\n","protected":false},"author":1,"featured_media":0,"parent":0,"menu_order":0,"comment_status":"closed","ping_status":"closed","template":"","meta":{"footnotes":""},"class_list":["post-4898","page","type-page","status-publish","hentry"],"_links":{"self":[{"href":"https:\/\/oxomuseomadrid.com\/en\/wp-json\/wp\/v2\/pages\/4898","targetHints":{"allow":["GET"]}}],"collection":[{"href":"https:\/\/oxomuseomadrid.com\/en\/wp-json\/wp\/v2\/pages"}],"about":[{"href":"https:\/\/oxomuseomadrid.com\/en\/wp-json\/wp\/v2\/types\/page"}],"author":[{"embeddable":true,"href":"https:\/\/oxomuseomadrid.com\/en\/wp-json\/wp\/v2\/users\/1"}],"replies":[{"embeddable":true,"href":"https:\/\/oxomuseomadrid.com\/en\/wp-json\/wp\/v2\/comments?post=4898"}],"version-history":[{"count":0,"href":"https:\/\/oxomuseomadrid.com\/en\/wp-json\/wp\/v2\/pages\/4898\/revisions"}],"wp:attachment":[{"href":"https:\/\/oxomuseomadrid.com\/en\/wp-json\/wp\/v2\/media?parent=4898"}],"curies":[{"name":"wp","href":"https:\/\/api.w.org\/{rel}","templated":true}]}}