{"id":5287,"date":"2025-09-05T09:27:03","date_gmt":"2025-09-05T07:27:03","guid":{"rendered":"https:\/\/oxomuseomadrid.com\/?page_id=5287"},"modified":"2025-09-05T09:40:35","modified_gmt":"2025-09-05T07:40:35","slug":"meet-greet-con-mikecrack","status":"publish","type":"page","link":"https:\/\/oxomuseomadrid.com\/en\/meet-greet-con-mikecrack\/","title":{"rendered":"Meet &amp; Greet con Mikecrack"},"content":{"rendered":"<h1>\n<p><b>OXO MUSEO DEL VIDEOJUEGO MADRID Y EL GRUPO LEGO\u00a0<\/b><\/p>\n<p><b>MEET &amp; GREET CON MIKECRACK<\/b><\/p>\n<\/h1>\n<h1>\n<p><b>OXO MUSEO DEL VIDEOJUEGO MADRID Y EL GRUPO LEGO\u00a0<\/b><\/p>\n<p><b>MEET &amp; GREET CON MIKECRACK<\/b><\/p>\n<\/h1>\n<div>\n<ol>\n<li><b> Empresa organizadora<\/b><\/li>\n<\/ol>\n<p><span style=\"font-weight: 400;\">El sorteo est\u00e1 organizado por OXO Museo del Videojuego Madrid a trav\u00e9s de su cuenta oficial de Instagram @oxomuseomadrid.<\/span><\/p>\n<\/p>\n<ol start=\"2\">\n<li><b> Fechas de participaci\u00f3n<\/b><\/li>\n<\/ol>\n<p><span style=\"font-weight: 400;\">El sorteo comenzar\u00e1 el d\u00eda 5 de septiembre y finalizar\u00e1 el 27 de septiembre de 2025 a las 23:59h (hora peninsular espa\u00f1ola).<\/span><\/p>\n<p><span style=\"font-weight: 400;\">Los ganadores se anunciar\u00e1n el 28 de septiembre de 2025, \u00fanica y exclusivamente desde la cuenta oficial de Instagram @oxomuseomadrid.<\/span><\/p>\n<\/p>\n<ol start=\"3\">\n<li><b> Requisitos de participaci\u00f3n<\/b><\/li>\n<\/ol>\n<p><span style=\"font-weight: 400;\">Podr\u00e1n participar en el sorteo todas aquellas personas f\u00edsicas que cumplan los siguientes requisitos:<\/span><\/p>\n<ul>\n<li style=\"font-weight: 400;\" aria-level=\"1\"><span style=\"font-weight: 400;\">Disponer de una cuenta real de Instagram<\/span><\/li>\n<li style=\"font-weight: 400;\" aria-level=\"1\"><span style=\"font-weight: 400;\">Residir en Espa\u00f1a<\/span><\/li>\n<li style=\"font-weight: 400;\" aria-level=\"1\"><span style=\"font-weight: 400;\">Ser mayor de 18 a\u00f1os<\/span><span style=\"font-weight: 400;\">\n<p><\/span><\/li>\n<\/ul>\n<p><span style=\"font-weight: 400;\">Cumplir con las mec\u00e1nicas del sorteo:<\/span><\/p>\n<ul>\n<li style=\"font-weight: 400;\" aria-level=\"1\"><span style=\"font-weight: 400;\">Seguir en Instagram a @MikecrackYT, @LEGOSpain_official y @oxomuseomadrid<\/span><\/li>\n<li style=\"font-weight: 400;\" aria-level=\"1\"><span style=\"font-weight: 400;\">Dar \u201cme gusta\u201d al post del sorteo<\/span><\/li>\n<li style=\"font-weight: 400;\" aria-level=\"1\"><span style=\"font-weight: 400;\">Mencionar en comentarios a quien deseen. Cada comentario contar\u00e1 como una participaci\u00f3n, as\u00ed como las veces que cada usuario haga un comentario mencionando a alguien.<\/span><\/li>\n<\/ul>\n<ol start=\"4\">\n<li><b> Premios<\/b><\/li>\n<\/ol>\n<p><span style=\"font-weight: 400;\">Se sortear\u00e1n 4 packs de 4 entradas (16 entradas en total) para asistir al meet &amp; greet con el creador de contenido Mikecrack que se celebrar\u00e1 el 2 de octubre de 2025 en OXO Museo del Videojuego Madrid, en calle Postigo de San Mart\u00edn, 8, 28013 a las 18:30 horas.<\/span><\/p>\n<p><span style=\"font-weight: 400;\">El premio es personal e intransferible, y no podr\u00e1 canjearse por dinero en met\u00e1lico ni por ning\u00fan otro producto.<\/span><\/p>\n<p><span style=\"font-weight: 400;\">Los ganadores deber\u00e1n acreditar su identidad para poder canjearlo.<\/span><\/p>\n<p><span style=\"font-weight: 400;\">El premio solo ser\u00e1 v\u00e1lido en la fecha indicada del evento (2 de octubre de 2025).<\/span><\/p>\n<\/p>\n<ol start=\"5\">\n<li><b> Gastos no incluidos<\/b><\/li>\n<\/ol>\n<p><span style=\"font-weight: 400;\">El premio se limita exclusivamente a las entradas para el evento.<\/span><\/p>\n<p><span style=\"font-weight: 400;\">Quedan expresamente excluidos y no ser\u00e1n cubiertos por la organizaci\u00f3n:<\/span><\/p>\n<ul>\n<li style=\"font-weight: 400;\" aria-level=\"1\"><span style=\"font-weight: 400;\">Gastos de transporte<\/span><\/li>\n<li style=\"font-weight: 400;\" aria-level=\"1\"><span style=\"font-weight: 400;\">Alojamiento<\/span><\/li>\n<li style=\"font-weight: 400;\" aria-level=\"1\"><span style=\"font-weight: 400;\">Dietas o manutenci\u00f3n<\/span><\/li>\n<\/ul>\n<p><span style=\"font-weight: 400;\">Todos estos correr\u00e1n a cargo de los ganadores y sus acompa\u00f1antes.<\/span><\/p>\n<\/p>\n<ol start=\"6\">\n<li><b> Selecci\u00f3n de ganadores<\/b><\/li>\n<\/ol>\n<p><span style=\"font-weight: 400;\">La elecci\u00f3n se realizar\u00e1 mediante un sistema de selecci\u00f3n aleatoria entre todos los participantes que cumplan los requisitos.<\/span><\/p>\n<p><span style=\"font-weight: 400;\">Se contactar\u00e1 a los ganadores a trav\u00e9s de mensaje privado desde la cuenta oficial @oxomuseomadrid.<\/span><\/p>\n<p><span style=\"font-weight: 400;\">Los ganadores deber\u00e1n responder en un plazo m\u00e1ximo de 48 horas. En caso contrario, el premio pasar\u00e1 a un suplente.<\/span><\/p>\n<\/p>\n<ol start=\"7\">\n<li><b> Protecci\u00f3n de datos<\/b><\/li>\n<\/ol>\n<p><span style=\"font-weight: 400;\">Los datos personales de los participantes ser\u00e1n tratados conforme a la legislaci\u00f3n vigente en materia de protecci\u00f3n de datos, exclusivamente para la gesti\u00f3n del presente sorteo.<\/span><\/p>\n<\/p>\n<ol start=\"8\">\n<li><b> Aceptaci\u00f3n de las bases<\/b><\/li>\n<\/ol>\n<p><span style=\"font-weight: 400;\">La participaci\u00f3n en este sorteo implica la aceptaci\u00f3n \u00edntegra de las presentes bases.<\/span><\/p>\n<p><span style=\"font-weight: 400;\">Las organizaciones se reservan el derecho a modificar o cancelar el sorteo por causas justificadas.<\/span><\/p>\n<\/div>\n<p><!--more--><br \/>\n<!-- {\"type\":\"layout\",\"children\":[{\"type\":\"section\",\"props\":{\"image_position\":\"center-center\",\"style\":\"default\",\"title_breakpoint\":\"xl\",\"title_position\":\"top-left\",\"title_rotation\":\"left\",\"vertical_align\":\"middle\",\"width\":\"large\"},\"children\":[{\"type\":\"row\",\"children\":[{\"type\":\"column\",\"props\":{\"image_position\":\"center-center\",\"position_sticky_breakpoint\":\"m\"},\"children\":[{\"type\":\"headline\",\"props\":{\"content\":\"\n\n<p><b>OXO MUSEO DEL VIDEOJUEGO MADRID Y EL GRUPO LEGO\\u00a0<\\\/b><\\\/p>\\n\n\n<p><b>MEET &amp; GREET CON MIKECRACK<\\\/b><\\\/p>\",\"css\":\".el-element{\\n    font-family: 'ACUMIN PRO';\\n    line-height:0.6;\\n}\\n\",\"text_align\":\"center\",\"title_element\":\"h1\",\"visibility\":\"l\"}},{\"type\":\"headline\",\"props\":{\"content\":\"\n\n<p><b>OXO MUSEO DEL VIDEOJUEGO MADRID Y EL GRUPO LEGO\\u00a0<\\\/b><\\\/p>\\n\n\n<p><b>MEET &amp; GREET CON MIKECRACK<\\\/b><\\\/p>\",\"css\":\".el-element{\\n    font-family: 'ACUMIN PRO';\\n    line-height:0.9;\\n}\\n\",\"text_align\":\"center\",\"title_element\":\"h1\",\"visibility\":\"hidden-l\"}},{\"type\":\"text\",\"props\":{\"column_breakpoint\":\"m\",\"content\":\"\n\n<ol>\\n\n\n<li><b> Empresa organizadora<\\\/b><\\\/li>\\n<\\\/ol>\\n\n\n<p><span style=\\\"font-weight: 400;\\\">El sorteo est\\u00e1 organizado por OXO Museo del Videojuego Madrid a trav\\u00e9s de su cuenta oficial de Instagram @oxomuseomadrid.<\\\/span><\\\/p>\\n\n\n<p><\\\/p>\\n\n\n<ol start=\\\"2\\\">\\n\n\n<li><b> Fechas de participaci\\u00f3n<\\\/b><\\\/li>\\n<\\\/ol>\\n\n\n<p><span style=\\\"font-weight: 400;\\\">El sorteo comenzar\\u00e1 el d\\u00eda 5 de septiembre y finalizar\\u00e1 el 27 de septiembre de 2025 a las 23:59h (hora peninsular espa\\u00f1ola).<\\\/span><\\\/p>\\n\n\n<p><span style=\\\"font-weight: 400;\\\">Los ganadores se anunciar\\u00e1n el 28 de septiembre de 2025, \\u00fanica y exclusivamente desde la cuenta oficial de Instagram @oxomuseomadrid.<\\\/span><\\\/p>\\n\n\n<p><\\\/p>\\n\n\n<ol start=\\\"3\\\">\\n\n\n<li><b> Requisitos de participaci\\u00f3n<\\\/b><\\\/li>\\n<\\\/ol>\\n\n\n<p><span style=\\\"font-weight: 400;\\\">Podr\\u00e1n participar en el sorteo todas aquellas personas f\\u00edsicas que cumplan los siguientes requisitos:<\\\/span><\\\/p>\\n\n\n<ul>\\n\n\n<li style=\\\"font-weight: 400;\\\" aria-level=\\\"1\\\"><span style=\\\"font-weight: 400;\\\">Disponer de una cuenta real de Instagram<\\\/span><\\\/li>\\n\n\n<li style=\\\"font-weight: 400;\\\" aria-level=\\\"1\\\"><span style=\\\"font-weight: 400;\\\">Residir en Espa\\u00f1a<\\\/span><\\\/li>\\n\n\n<li style=\\\"font-weight: 400;\\\" aria-level=\\\"1\\\"><span style=\\\"font-weight: 400;\\\">Ser mayor de 18 a\\u00f1os<\\\/span><span style=\\\"font-weight: 400;\\\"><br \\\/><br \\\/><\\\/span><\\\/li>\\n<\\\/ul>\\n\n\n<p><span style=\\\"font-weight: 400;\\\">Cumplir con las mec\\u00e1nicas del sorteo:<\\\/span><\\\/p>\\n\n\n<ul>\\n\n\n<li style=\\\"font-weight: 400;\\\" aria-level=\\\"1\\\"><span style=\\\"font-weight: 400;\\\">Seguir en Instagram a @MikecrackYT, @LEGOSpain_official y @oxomuseomadrid<\\\/span><\\\/li>\\n\n\n<li style=\\\"font-weight: 400;\\\" aria-level=\\\"1\\\"><span style=\\\"font-weight: 400;\\\">Dar \\u201cme gusta\\u201d al post del sorteo<\\\/span><\\\/li>\\n\n\n<li style=\\\"font-weight: 400;\\\" aria-level=\\\"1\\\"><span style=\\\"font-weight: 400;\\\">Mencionar en comentarios a quien deseen. Cada comentario contar\\u00e1 como una participaci\\u00f3n, as\\u00ed como las veces que cada usuario haga un comentario mencionando a alguien.<\\\/span><\\\/li>\\n<\\\/ul>\\n\n\n<p><\\\/p>\\n\n\n<ol start=\\\"4\\\">\\n\n\n<li><b> Premios<\\\/b><\\\/li>\\n<\\\/ol>\\n\n\n<p><span style=\\\"font-weight: 400;\\\">Se sortear\\u00e1n 4 packs de 4 entradas (16 entradas en total) para asistir al meet &amp; greet con el creador de contenido Mikecrack que se celebrar\\u00e1 el 2 de octubre de 2025 en OXO Museo del Videojuego Madrid, en calle Postigo de San Mart\\u00edn, 8, 28013 a las 18:30 horas.<\\\/span><\\\/p>\\n\n\n<p><span style=\\\"font-weight: 400;\\\">El premio es personal e intransferible, y no podr\\u00e1 canjearse por dinero en met\\u00e1lico ni por ning\\u00fan otro producto.<\\\/span><\\\/p>\\n\n\n<p><span style=\\\"font-weight: 400;\\\">Los ganadores deber\\u00e1n acreditar su identidad para poder canjearlo.<\\\/span><\\\/p>\\n\n\n<p><span style=\\\"font-weight: 400;\\\">El premio solo ser\\u00e1 v\\u00e1lido en la fecha indicada del evento (2 de octubre de 2025).<\\\/span><\\\/p>\\n\n\n<p><\\\/p>\\n\n\n<ol start=\\\"5\\\">\\n\n\n<li><b> Gastos no incluidos<\\\/b><\\\/li>\\n<\\\/ol>\\n\n\n<p><span style=\\\"font-weight: 400;\\\">El premio se limita exclusivamente a las entradas para el evento.<\\\/span><\\\/p>\\n\n\n<p><span style=\\\"font-weight: 400;\\\">Quedan expresamente excluidos y no ser\\u00e1n cubiertos por la organizaci\\u00f3n:<\\\/span><\\\/p>\\n\n\n<ul>\\n\n\n<li style=\\\"font-weight: 400;\\\" aria-level=\\\"1\\\"><span style=\\\"font-weight: 400;\\\">Gastos de transporte<\\\/span><\\\/li>\\n\n\n<li style=\\\"font-weight: 400;\\\" aria-level=\\\"1\\\"><span style=\\\"font-weight: 400;\\\">Alojamiento<\\\/span><\\\/li>\\n\n\n<li style=\\\"font-weight: 400;\\\" aria-level=\\\"1\\\"><span style=\\\"font-weight: 400;\\\">Dietas o manutenci\\u00f3n<\\\/span><\\\/li>\\n<\\\/ul>\\n\n\n<p><span style=\\\"font-weight: 400;\\\">Todos estos correr\\u00e1n a cargo de los ganadores y sus acompa\\u00f1antes.<\\\/span><\\\/p>\\n\n\n<p><\\\/p>\\n\n\n<ol start=\\\"6\\\">\\n\n\n<li><b> Selecci\\u00f3n de ganadores<\\\/b><\\\/li>\\n<\\\/ol>\\n\n\n<p><span style=\\\"font-weight: 400;\\\">La elecci\\u00f3n se realizar\\u00e1 mediante un sistema de selecci\\u00f3n aleatoria entre todos los participantes que cumplan los requisitos.<\\\/span><\\\/p>\\n\n\n<p><span style=\\\"font-weight: 400;\\\">Se contactar\\u00e1 a los ganadores a trav\\u00e9s de mensaje privado desde la cuenta oficial @oxomuseomadrid.<\\\/span><\\\/p>\\n\n\n<p><span style=\\\"font-weight: 400;\\\">Los ganadores deber\\u00e1n responder en un plazo m\\u00e1ximo de 48 horas. En caso contrario, el premio pasar\\u00e1 a un suplente.<\\\/span><\\\/p>\\n\n\n<p><\\\/p>\\n\n\n<ol start=\\\"7\\\">\\n\n\n<li><b> Protecci\\u00f3n de datos<\\\/b><\\\/li>\\n<\\\/ol>\\n\n\n<p><span style=\\\"font-weight: 400;\\\">Los datos personales de los participantes ser\\u00e1n tratados conforme a la legislaci\\u00f3n vigente en materia de protecci\\u00f3n de datos, exclusivamente para la gesti\\u00f3n del presente sorteo.<\\\/span><\\\/p>\\n\n\n<p><\\\/p>\\n\n\n<ol start=\\\"8\\\">\\n\n\n<li><b> Aceptaci\\u00f3n de las bases<\\\/b><\\\/li>\\n<\\\/ol>\\n\n\n<p><span style=\\\"font-weight: 400;\\\">La participaci\\u00f3n en este sorteo implica la aceptaci\\u00f3n \\u00edntegra de las presentes bases.<\\\/span><\\\/p>\\n\n\n<p><span style=\\\"font-weight: 400;\\\">Las organizaciones se reservan el derecho a modificar o cancelar el sorteo por causas justificadas.<\\\/span><\\\/p>\",\"css\":\".el-element{\\n    color: #fff;\\n}\",\"margin\":\"large\"}}]}]}]}],\"version\":\"4.5.23\"} --><\/p>\n","protected":false},"excerpt":{"rendered":"<p>OXO MUSEO DEL VIDEOJUEGO MADRID Y EL GRUPO LEGO\u00a0 MEET &amp; GREET CON MIKECRACK OXO MUSEO DEL VIDEOJUEGO MADRID Y EL GRUPO LEGO\u00a0 MEET &amp; GREET CON MIKECRACK Empresa organizadora El sorteo est\u00e1 organizado por OXO Museo del Videojuego Madrid a trav\u00e9s de su cuenta oficial de Instagram @oxomuseomadrid. Fechas de participaci\u00f3n El sorteo comenzar\u00e1 [&hellip;]<\/p>\n","protected":false},"author":1,"featured_media":0,"parent":0,"menu_order":0,"comment_status":"closed","ping_status":"closed","template":"","meta":{"footnotes":""},"class_list":["post-5287","page","type-page","status-publish","hentry"],"_links":{"self":[{"href":"https:\/\/oxomuseomadrid.com\/en\/wp-json\/wp\/v2\/pages\/5287","targetHints":{"allow":["GET"]}}],"collection":[{"href":"https:\/\/oxomuseomadrid.com\/en\/wp-json\/wp\/v2\/pages"}],"about":[{"href":"https:\/\/oxomuseomadrid.com\/en\/wp-json\/wp\/v2\/types\/page"}],"author":[{"embeddable":true,"href":"https:\/\/oxomuseomadrid.com\/en\/wp-json\/wp\/v2\/users\/1"}],"replies":[{"embeddable":true,"href":"https:\/\/oxomuseomadrid.com\/en\/wp-json\/wp\/v2\/comments?post=5287"}],"version-history":[{"count":0,"href":"https:\/\/oxomuseomadrid.com\/en\/wp-json\/wp\/v2\/pages\/5287\/revisions"}],"wp:attachment":[{"href":"https:\/\/oxomuseomadrid.com\/en\/wp-json\/wp\/v2\/media?parent=5287"}],"curies":[{"name":"wp","href":"https:\/\/api.w.org\/{rel}","templated":true}]}}