{"id":7933,"date":"2026-04-13T12:16:04","date_gmt":"2026-04-13T10:16:04","guid":{"rendered":"https:\/\/oxomuseomadrid.com\/?page_id=7933"},"modified":"2026-04-13T12:16:31","modified_gmt":"2026-04-13T10:16:31","slug":"exposicion-arcade-origins","status":"publish","type":"page","link":"https:\/\/oxomuseomadrid.com\/en\/exposicion-arcade-origins\/","title":{"rendered":"EXHIBITION | ARCADE ORIGINS"},"content":{"rendered":"<p><img decoding=\"async\" src=\"\/wp-content\/uploads\/2026\/04\/arcade-origins.png\" alt=\"\" title=\"\"><br \/>\n<img decoding=\"async\" src=\"\/wp-content\/uploads\/2026\/04\/Cartel-expo-Arcade-Origins.jpg\" alt=\"\" title=\"\"><\/p>\n<div>\n<p>EXPOSICI\u00d3N TEMPORAL MADRID<\/p>\n<\/div>\n<h1>ARCADE ORIGINS: LOS INICIOS DE LA INDUSTRIA DEL VIDEOJUEGO LLEGAN A OXO MUSEO MADRID<\/h1>\n<div>\n<p data-start=\"0\" data-end=\"491\">OXO Museo del Videojuego Madrid presenta <strong data-start=\"41\" data-end=\"59\">Arcade Origins<\/strong>, una nueva exposici\u00f3n temporal dedicada al nacimiento, la evoluci\u00f3n y el legado de las m\u00e1quinas recreativas que marcaron el inicio de la industria del videojuego. A trav\u00e9s de una cuidada selecci\u00f3n de cabinas hist\u00f3ricas, la muestra invita a los visitantes a realizar un viaje por los primeros a\u00f1os del entretenimiento interactivo, descubriendo c\u00f3mo el fen\u00f3meno arcade se convirti\u00f3 en una aut\u00e9ntica revoluci\u00f3n cultural y tecnol\u00f3gica.<\/p>\n<p data-start=\"493\" data-end=\"916\">La exposici\u00f3n recorre algunas de las m\u00e1quinas m\u00e1s emblem\u00e1ticas de la historia del arcade, verdaderos s\u00edmbolos de una \u00e9poca que transform\u00f3 para siempre la forma de jugar, compartir y entender el ocio. Estas piezas no solo representan el esp\u00edritu innovador de varias d\u00e9cadas, sino tambi\u00e9n el impacto que tuvieron en generaciones enteras, convirti\u00e9ndose en referentes indispensables dentro de la cultura popular contempor\u00e1nea.<\/p>\n<p data-start=\"918\" data-end=\"1394\"><strong data-start=\"918\" data-end=\"936\">Arcade Origins<\/strong> es una oportunidad \u00fanica para acercarse a los or\u00edgenes del videojuego desde una perspectiva hist\u00f3rica, visual e interactiva, poniendo en valor el papel fundamental que desempe\u00f1aron los salones recreativos en el desarrollo de una industria que hoy forma parte esencial de nuestra vida cultural. La muestra permite redescubrir la magia de aquellas primeras experiencias de juego y comprender la importancia de preservar este patrimonio tecnol\u00f3gico y creativo.<\/p>\n<p data-start=\"1396\" data-end=\"1718\" data-is-last-node=\"\" data-is-only-node=\"\">Esta exposici\u00f3n temporal se presenta como una cita imprescindible tanto para los amantes del videojuego como para quienes deseen conocer de cerca los comienzos de una de las industrias culturales m\u00e1s influyentes del mundo.\u00a0<\/p>\n<\/div>\n<p><p>\n        <a href=\"\/entradas\">COMPRAR ENTRADAS<\/a>\n    <\/p>\n<\/p>\n<p><img decoding=\"async\" src=\"\/wp-content\/uploads\/2026\/04\/Pac-Man-Madrid.jpg\" alt=\"\" title=\"\"><\/p>\n<p><!--more--><br \/>\n<!-- {\"type\":\"layout\",\"children\":[{\"name\":\"Hero\",\"type\":\"section\",\"props\":{\"animation\":\"slide-bottom-medium\",\"animation_delay\":\"200\",\"header_transparent\":false,\"header_transparent_noplaceholder\":false,\"header_transparent_text_color\":\"light\",\"height\":\"viewport\",\"image_loading\":true,\"image_position\":\"bottom-center\",\"image_size\":\"cover\",\"media_overlay\":\"rgba(0, 0, 0, 0.35)\",\"padding_bottom\":\"xlarge\",\"padding_top\":\"xlarge\",\"style\":\"default\",\"title_breakpoint\":\"xl\",\"title_position\":\"top-left\",\"title_rotation\":\"left\",\"vertical_align\":\"\",\"width\":\"large\"},\"children\":[{\"type\":\"row\",\"props\":{\"layout\":\"3-5,2-5\"},\"children\":[{\"type\":\"column\",\"props\":{\"image_position\":\"center-center\",\"position_sticky_breakpoint\":\"m\",\"vertical_align\":\"middle\",\"width_medium\":\"3-5\"},\"children\":[{\"type\":\"image\",\"props\":{\"image\":\"wp-content\\\/uploads\\\/2026\\\/04\\\/arcade-origins.png\",\"image_svg_color\":\"emphasis\",\"image_width\":700,\"margin\":\"default\"}}]},{\"type\":\"column\",\"props\":{\"image_position\":\"center-center\",\"position_sticky_breakpoint\":\"m\",\"vertical_align\":\"middle\",\"width_medium\":\"2-5\"},\"children\":[{\"type\":\"image\",\"props\":{\"image\":\"wp-content\\\/uploads\\\/2026\\\/04\\\/Cartel-expo-Arcade-Origins.jpg\",\"image_svg_color\":\"emphasis\",\"margin\":\"default\"}}]}]}]},{\"type\":\"section\",\"props\":{\"image_position\":\"center-center\",\"style\":\"default\",\"title_breakpoint\":\"xl\",\"title_position\":\"top-left\",\"title_rotation\":\"left\",\"vertical_align\":\"middle\",\"width\":\"large\"},\"children\":[{\"type\":\"row\",\"children\":[{\"type\":\"column\",\"props\":{\"image_position\":\"center-center\",\"position_sticky_breakpoint\":\"m\"},\"children\":[{\"type\":\"text\",\"props\":{\"column_breakpoint\":\"m\",\"content\":\"\n\n<p>EXPOSICI\\u00d3N TEMPORAL MADRID<\\\/p>\",\"margin\":\"default\",\"margin_remove_bottom\":true}},{\"type\":\"headline\",\"props\":{\"content\":\"ARCADE ORIGINS: LOS INICIOS DE LA INDUSTRIA DEL VIDEOJUEGO LLEGAN A OXO MUSEO MADRID\",\"margin_remove_top\":true,\"title_element\":\"h1\",\"title_font_family\":\"primary\"}}]}]},{\"type\":\"row\",\"props\":{\"column_gap\":\"large\",\"layout\":\"1-2,1-2\"},\"children\":[{\"type\":\"column\",\"props\":{\"image_position\":\"center-center\",\"position_sticky_breakpoint\":\"m\",\"width_medium\":\"1-2\"},\"children\":[{\"type\":\"text\",\"props\":{\"column_breakpoint\":\"m\",\"content\":\"\n\n<p data-start=\\\"0\\\" data-end=\\\"491\\\">OXO Museo del Videojuego Madrid presenta <strong data-start=\\\"41\\\" data-end=\\\"59\\\">Arcade Origins<\\\/strong>, una nueva exposici\\u00f3n temporal dedicada al nacimiento, la evoluci\\u00f3n y el legado de las m\\u00e1quinas recreativas que marcaron el inicio de la industria del videojuego. A trav\\u00e9s de una cuidada selecci\\u00f3n de cabinas hist\\u00f3ricas, la muestra invita a los visitantes a realizar un viaje por los primeros a\\u00f1os del entretenimiento interactivo, descubriendo c\\u00f3mo el fen\\u00f3meno arcade se convirti\\u00f3 en una aut\\u00e9ntica revoluci\\u00f3n cultural y tecnol\\u00f3gica.<\\\/p>\\n\n\n<p data-start=\\\"493\\\" data-end=\\\"916\\\">La exposici\\u00f3n recorre algunas de las m\\u00e1quinas m\\u00e1s emblem\\u00e1ticas de la historia del arcade, verdaderos s\\u00edmbolos de una \\u00e9poca que transform\\u00f3 para siempre la forma de jugar, compartir y entender el ocio. Estas piezas no solo representan el esp\\u00edritu innovador de varias d\\u00e9cadas, sino tambi\\u00e9n el impacto que tuvieron en generaciones enteras, convirti\\u00e9ndose en referentes indispensables dentro de la cultura popular contempor\\u00e1nea.<\\\/p>\\n\n\n<p data-start=\\\"918\\\" data-end=\\\"1394\\\"><strong data-start=\\\"918\\\" data-end=\\\"936\\\">Arcade Origins<\\\/strong> es una oportunidad \\u00fanica para acercarse a los or\\u00edgenes del videojuego desde una perspectiva hist\\u00f3rica, visual e interactiva, poniendo en valor el papel fundamental que desempe\\u00f1aron los salones recreativos en el desarrollo de una industria que hoy forma parte esencial de nuestra vida cultural. La muestra permite redescubrir la magia de aquellas primeras experiencias de juego y comprender la importancia de preservar este patrimonio tecnol\\u00f3gico y creativo.<\\\/p>\\n\n\n<p data-start=\\\"1396\\\" data-end=\\\"1718\\\" data-is-last-node=\\\"\\\" data-is-only-node=\\\"\\\">Esta exposici\\u00f3n temporal se presenta como una cita imprescindible tanto para los amantes del videojuego como para quienes deseen conocer de cerca los comienzos de una de las industrias culturales m\\u00e1s influyentes del mundo.\\u00a0<\\\/p>\",\"css\":\".el-element{\\n    font-size:17px;\\n}\",\"margin\":\"default\",\"text_align\":\"justify\"}},{\"type\":\"button\",\"props\":{\"grid_column_gap\":\"small\",\"grid_row_gap\":\"small\",\"margin\":\"medium\",\"text_align\":\"center\"},\"children\":[{\"type\":\"button_item\",\"props\":{\"button_style\":\"secondary\",\"content\":\"COMPRAR ENTRADAS\",\"dialog_layout\":\"modal\",\"dialog_offcanvas_flip\":true,\"icon_align\":\"left\",\"link\":\"\\\/entradas\"}}]}]},{\"type\":\"column\",\"props\":{\"image_position\":\"center-center\",\"position_sticky_breakpoint\":\"m\",\"width_medium\":\"1-2\"},\"children\":[{\"type\":\"image\",\"props\":{\"image\":\"wp-content\\\/uploads\\\/2026\\\/04\\\/Pac-Man-Madrid.jpg\",\"image_height\":600,\"image_svg_color\":\"emphasis\",\"margin\":\"default\"}}]}]}]}],\"version\":\"4.5.23\"} --><\/p>\n","protected":false},"excerpt":{"rendered":"<p>EXPOSICI\u00d3N TEMPORAL MADRID ARCADE ORIGINS: LOS INICIOS DE LA INDUSTRIA DEL VIDEOJUEGO LLEGAN A OXO MUSEO MADRID OXO Museo del Videojuego Madrid presenta Arcade Origins, una nueva exposici\u00f3n temporal dedicada al nacimiento, la evoluci\u00f3n y el legado de las m\u00e1quinas recreativas que marcaron el inicio de la industria del videojuego. A trav\u00e9s de una cuidada [&hellip;]<\/p>\n","protected":false},"author":1,"featured_media":7935,"parent":0,"menu_order":0,"comment_status":"closed","ping_status":"closed","template":"","meta":{"footnotes":""},"class_list":["post-7933","page","type-page","status-publish","has-post-thumbnail","hentry"],"_links":{"self":[{"href":"https:\/\/oxomuseomadrid.com\/en\/wp-json\/wp\/v2\/pages\/7933","targetHints":{"allow":["GET"]}}],"collection":[{"href":"https:\/\/oxomuseomadrid.com\/en\/wp-json\/wp\/v2\/pages"}],"about":[{"href":"https:\/\/oxomuseomadrid.com\/en\/wp-json\/wp\/v2\/types\/page"}],"author":[{"embeddable":true,"href":"https:\/\/oxomuseomadrid.com\/en\/wp-json\/wp\/v2\/users\/1"}],"replies":[{"embeddable":true,"href":"https:\/\/oxomuseomadrid.com\/en\/wp-json\/wp\/v2\/comments?post=7933"}],"version-history":[{"count":15,"href":"https:\/\/oxomuseomadrid.com\/en\/wp-json\/wp\/v2\/pages\/7933\/revisions"}],"predecessor-version":[{"id":7956,"href":"https:\/\/oxomuseomadrid.com\/en\/wp-json\/wp\/v2\/pages\/7933\/revisions\/7956"}],"wp:featuredmedia":[{"embeddable":true,"href":"https:\/\/oxomuseomadrid.com\/en\/wp-json\/wp\/v2\/media\/7935"}],"wp:attachment":[{"href":"https:\/\/oxomuseomadrid.com\/en\/wp-json\/wp\/v2\/media?parent=7933"}],"curies":[{"name":"wp","href":"https:\/\/api.w.org\/{rel}","templated":true}]}}