{"id":815,"date":"2024-10-28T13:06:32","date_gmt":"2024-10-28T11:06:32","guid":{"rendered":"https:\/\/oxomuseomadrid.com\/?page_id=815"},"modified":"2024-12-16T11:29:46","modified_gmt":"2024-12-16T09:29:46","slug":"conservacion-legado-historico","status":"publish","type":"page","link":"https:\/\/oxomuseomadrid.com\/en\/conservacion-legado-historico\/","title":{"rendered":"Conservation of historical legacy"},"content":{"rendered":"<h1>CONSERVACI\u00d3N LEGADO <br \/>HIST\u00d3RICO<\/h1>\n<h1>CONSERVACI\u00d3N LEGADO <br \/>HIST\u00d3RICO<\/h1>\n<div>\n<p>LEGADO HIST\u00d3RICO<\/p>\n<\/div>\n<h1>\u00bfCU\u00c1L ES LA MISI\u00d3N?<\/h1>\n<div>\n<p>OXO Museo Videojuego Madrid tiene como misi\u00f3n trabajar en la conservaci\u00f3n, preservaci\u00f3n y restauraci\u00f3n del legado hist\u00f3rico de los videojuegos.<\/p>\n<p><span>Desde su concepci\u00f3n hasta su comercializaci\u00f3n y puesta a disposici\u00f3n del consumidor final, el videojuego pasa por diferentes etapas creativas e industriales y comerciales en la que participan decenas de profesionales como artistas, emprendedores, guionistas, creativos, programadores, dise\u00f1adores o fabricantes.\u00a0<\/span><span>Nuestra misi\u00f3n es poner en valor el trabajo de todos estos profesionales y recuperar sus obras para conservarlas y exponer ese legado para las presentes y futuras generaciones de amantes y creadores de videojuegos.\u00a0\u00a0<\/span><\/p>\n<p><span>Desde OXO hacemos un llamamiento a particulares y coleccionistas interesados en participar en esta labor de conservaci\u00f3n y exposici\u00f3n mediante la donaci\u00f3n o cesi\u00f3n de todo tipo de material y artefactos relacionados con el videojuego como hardware, software, ordenadores o consolas para su preservaci\u00f3n.\u00a0<\/span><span>Si est\u00e1s interesado en colaborar, rellena este formulario y nos pondremos en contacto contigo.<\/span><\/p>\n<p><span>Rellena el formulario y nos pondremos en contacto contigo.<\/span><\/p>\n<\/div>\n<p>\n    <a href=\"\/oxomuseomadrid.com\/contacto\/\">CONTACTAR<\/a>\n<\/p>\n<p><img decoding=\"async\" src=\"\/wp-content\/uploads\/2024\/10\/IMG_8184.jpg\" alt=\"\" title=\"\"><\/p>\n<p><!--more--><br \/>\n<!-- {\"type\":\"layout\",\"children\":[{\"type\":\"section\",\"props\":{\"height\":\"viewport\",\"height_viewport\":35,\"image\":\"wp-content\\\/uploads\\\/2024\\\/10\\\/IMG_8021.jpg\",\"image_position\":\"center-center\",\"image_size\":\"cover\",\"media_overlay\":\"rgba(0, 0, 0, 0.59)\",\"style\":\"default\",\"title_breakpoint\":\"xl\",\"title_position\":\"top-left\",\"title_rotation\":\"left\",\"vertical_align\":\"middle\",\"width\":\"xlarge\"},\"children\":[{\"type\":\"row\",\"children\":[{\"type\":\"column\",\"props\":{\"image_position\":\"center-center\",\"position_sticky_breakpoint\":\"m\"},\"children\":[{\"type\":\"headline\",\"props\":{\"content\":\"CONSERVACI\\u00d3N LEGADO <br \\\/>HIST\\u00d3RICO\",\"css\":\".el-element{\\n    font-family: 'Acumin Pro';\\n    line-height:0.9;\\n}\\n\",\"text_align\":\"left\",\"title_color\":\"background\",\"title_element\":\"h1\",\"title_style\":\"heading-medium\",\"visibility\":\"l\"}},{\"type\":\"headline\",\"props\":{\"content\":\"CONSERVACI\\u00d3N LEGADO <br \\\/>HIST\\u00d3RICO\",\"css\":\".el-element{\\n    font-family: 'Acumin Pro';\\n    line-height:0.9;\\n}\\n\",\"text_align\":\"left\",\"title_color\":\"background\",\"title_element\":\"h1\",\"title_style\":\"h1\",\"visibility\":\"hidden-l\"}}]}]}]},{\"type\":\"section\",\"props\":{\"image_position\":\"center-center\",\"style\":\"default\",\"title_breakpoint\":\"xl\",\"title_position\":\"top-left\",\"title_rotation\":\"left\",\"vertical_align\":\"\",\"width\":\"xlarge\"},\"children\":[{\"type\":\"row\",\"props\":{\"column_gap\":\"small\",\"layout\":\"3-5,2-5\",\"row_gap\":\"small\"},\"children\":[{\"type\":\"column\",\"props\":{\"image_position\":\"center-center\",\"position_sticky_breakpoint\":\"m\",\"width_medium\":\"3-5\"},\"children\":[{\"type\":\"text\",\"props\":{\"column_breakpoint\":\"m\",\"content\":\"\n\n<p>LEGADO HIST\\u00d3RICO<\\\/p>\",\"margin\":\"remove-vertical\",\"text_align\":\"center\",\"text_color\":\"primary\",\"text_style\":\"meta\"}},{\"type\":\"headline\",\"props\":{\"content\":\"\\u00bfCU\\u00c1L ES LA MISI\\u00d3N?\",\"css\":\".el-element{\\n    font-family: 'Acumin Pro';\\n}\\n\",\"margin_remove_top\":true,\"text_align\":\"center\",\"title_element\":\"h1\"}},{\"type\":\"text\",\"props\":{\"block_align\":\"center\",\"column_breakpoint\":\"m\",\"column_divider\":false,\"content\":\"\n\n<p>OXO Museo Videojuego Madrid tiene como misi\\u00f3n trabajar en la conservaci\\u00f3n, preservaci\\u00f3n y restauraci\\u00f3n del legado hist\\u00f3rico de los videojuegos.<\\\/p>\\n\n\n<p><span>Desde su concepci\\u00f3n hasta su comercializaci\\u00f3n y puesta a disposici\\u00f3n del consumidor final, el videojuego pasa por diferentes etapas creativas e industriales y comerciales en la que participan decenas de profesionales como artistas, emprendedores, guionistas, creativos, programadores, dise\\u00f1adores o fabricantes.\\u00a0<\\\/span><span>Nuestra misi\\u00f3n es poner en valor el trabajo de todos estos profesionales y recuperar sus obras para conservarlas y exponer ese legado para las presentes y futuras generaciones de amantes y creadores de videojuegos.\\u00a0\\u00a0<\\\/span><\\\/p>\\n\n\n<p><span>Desde OXO hacemos un llamamiento a particulares y coleccionistas interesados en participar en esta labor de conservaci\\u00f3n y exposici\\u00f3n mediante la donaci\\u00f3n o cesi\\u00f3n de todo tipo de material y artefactos relacionados con el videojuego como hardware, software, ordenadores o consolas para su preservaci\\u00f3n.\\u00a0<\\\/span><span>Si est\\u00e1s interesado en colaborar, rellena este formulario y nos pondremos en contacto contigo.<\\\/span><\\\/p>\\n\n\n<p><span>Rellena el formulario y nos pondremos en contacto contigo.<\\\/span><\\\/p>\",\"css\":\".el-element{\\n    font-size:19px;\\n}\\n\",\"dropcap\":false,\"margin\":\"default\",\"maxwidth\":\"2xlarge\",\"text_align\":\"justify\",\"text_style\":\"large\"}},{\"type\":\"button\",\"props\":{\"css\":\".el-content{\\n    color: #000;\\n    font-style: bold;\\n}\\n\",\"grid_column_gap\":\"small\",\"grid_row_gap\":\"small\",\"margin\":\"medium\",\"text_align\":\"center\"},\"children\":[{\"type\":\"button_item\",\"props\":{\"button_style\":\"default\",\"content\":\"CONTACTAR\",\"icon_align\":\"left\",\"link\":\"oxomuseomadrid.com\\\/contacto\\\/\"}}]}]},{\"type\":\"column\",\"props\":{\"image_position\":\"center-center\",\"position_sticky_breakpoint\":\"m\",\"vertical_align\":\"middle\",\"width_medium\":\"2-5\"},\"children\":[{\"type\":\"image\",\"props\":{\"image\":\"wp-content\\\/uploads\\\/2024\\\/10\\\/IMG_8184.jpg\",\"image_svg_color\":\"emphasis\",\"margin\":\"default\",\"text_align\":\"center\"}}]}]}]}],\"version\":\"4.4.16\"} --><\/p>\n","protected":false},"excerpt":{"rendered":"<p>CONSERVACI\u00d3N LEGADO HIST\u00d3RICO CONSERVACI\u00d3N LEGADO HIST\u00d3RICO LEGADO HIST\u00d3RICO \u00bfCU\u00c1L ES LA MISI\u00d3N? OXO Museo Videojuego Madrid tiene como misi\u00f3n trabajar en la conservaci\u00f3n, preservaci\u00f3n y restauraci\u00f3n del legado hist\u00f3rico de los videojuegos. Desde su concepci\u00f3n hasta su comercializaci\u00f3n y puesta a disposici\u00f3n del consumidor final, el videojuego pasa por diferentes etapas creativas e industriales y [&hellip;]<\/p>\n","protected":false},"author":1,"featured_media":0,"parent":0,"menu_order":0,"comment_status":"closed","ping_status":"closed","template":"","meta":{"footnotes":""},"class_list":["post-815","page","type-page","status-publish","hentry"],"_links":{"self":[{"href":"https:\/\/oxomuseomadrid.com\/en\/wp-json\/wp\/v2\/pages\/815","targetHints":{"allow":["GET"]}}],"collection":[{"href":"https:\/\/oxomuseomadrid.com\/en\/wp-json\/wp\/v2\/pages"}],"about":[{"href":"https:\/\/oxomuseomadrid.com\/en\/wp-json\/wp\/v2\/types\/page"}],"author":[{"embeddable":true,"href":"https:\/\/oxomuseomadrid.com\/en\/wp-json\/wp\/v2\/users\/1"}],"replies":[{"embeddable":true,"href":"https:\/\/oxomuseomadrid.com\/en\/wp-json\/wp\/v2\/comments?post=815"}],"version-history":[{"count":0,"href":"https:\/\/oxomuseomadrid.com\/en\/wp-json\/wp\/v2\/pages\/815\/revisions"}],"wp:attachment":[{"href":"https:\/\/oxomuseomadrid.com\/en\/wp-json\/wp\/v2\/media?parent=815"}],"curies":[{"name":"wp","href":"https:\/\/api.w.org\/{rel}","templated":true}]}}