{"id":8218,"date":"2026-05-08T09:34:18","date_gmt":"2026-05-08T07:34:18","guid":{"rendered":"https:\/\/oxomuseomadrid.com\/?page_id=8218"},"modified":"2026-05-08T09:34:18","modified_gmt":"2026-05-08T07:34:18","slug":"tarifas","status":"publish","type":"page","link":"https:\/\/oxomuseomadrid.com\/en\/tarifas\/","title":{"rendered":"RATES"},"content":{"rendered":"<h1>TARIFAS<\/h1>\n<div>\n<p>Elige tu entrada y planifica tu visita<\/p>\n<\/div>\n<hr>\n<ul>\n<li>\n<h3>TARIFA GENERAL<\/h3>\n<p>17\u20ac<\/p>\n<div>\n<p>Acceso general al museo<\/p>\n<\/div>\n<\/li>\n<li>\n<h3>TARIFA REDUCIDA<\/h3>\n<p>12\u20ac<\/p>\n<div>\n<p>Ni\u00f1os de 5 a 13 a\u00f1os, mayores de 65, Carn\u00e9 Joven EYCA y personas con discapacidad<\/p>\n<\/div>\n<\/li>\n<li>\n<h3>PASE MEDIOD\u00cdA<\/h3>\n<p>12\u20ac<\/p>\n<div>\n<p>De lunes a viernes, en horario de 15:00 a 17:00, excepto festivos<\/p>\n<\/div>\n<\/li>\n<li>\n<h3>PACK FAMILIAR<\/h3>\n<p>49\u20ac<\/p>\n<div>\n<p>Acceso a 2 adultos y 2 ni\u00f1os<\/p>\n<\/div>\n<\/li>\n<li>\n<h3>D\u00cdA DEL ESPECTADOR<\/h3>\n<p>9,90\u20ac<\/p>\n<div>\n<p>Disponible todos los mi\u00e9rcoles, excepto festivos<\/p>\n<\/div>\n<\/li>\n<li>\n<h3>TARIFA EMPADRONADO<\/h3>\n<p>15\u20ac<\/p>\n<div>\n<p>Entrada para empadronados en la Comunidad de Madrid<\/p>\n<\/div>\n<\/li>\n<\/ul>\n<p><p>\n        <a href=\"\/entradas\">COMPRAR ENTRADAS<\/a>\n    <\/p>\n<\/p>\n<p><img decoding=\"async\" src=\"\/wp-content\/uploads\/2025\/10\/MUSEO-OXO.jpg\" alt=\"\" title=\"\"><\/p>\n<p><!--more--><br \/>\n<!-- {\"type\":\"layout\",\"children\":[{\"type\":\"section\",\"props\":{\"image_position\":\"center-center\",\"style\":\"default\",\"title_breakpoint\":\"xl\",\"title_position\":\"top-left\",\"title_rotation\":\"left\",\"vertical_align\":\"middle\",\"width\":\"large\"},\"children\":[{\"type\":\"row\",\"props\":{\"layout\":\"3-5,2-5\"},\"children\":[{\"type\":\"column\",\"props\":{\"image_position\":\"center-center\",\"position_sticky_breakpoint\":\"m\",\"width_medium\":\"3-5\"},\"children\":[{\"type\":\"headline\",\"props\":{\"content\":\"TARIFAS\",\"css\":\".el-element{\\n    font-family: 'ACUMIN PRO';\\n}\",\"margin\":\"small\",\"title_element\":\"h1\",\"title_style\":\"heading-medium\"}},{\"type\":\"text\",\"props\":{\"column_breakpoint\":\"m\",\"content\":\"\n\n<p>Elige tu entrada y planifica tu visita<\\\/p>\",\"css\":\".el-element{\\n    font-size: 19px;\\n}\",\"margin\":\"small\",\"margin_remove_top\":false}},{\"type\":\"divider\",\"props\":{\"divider_element\":\"hr\",\"divider_style\":\"small\"}},{\"type\":\"grid\",\"props\":{\"content_column_breakpoint\":\"m\",\"content_style\":\"text-small\",\"css\":\".el-title{\\n    line-height: 1;\\n    font-family: 'ACUMIN PRO';\\n    font-size:20px;\\n}\\ndiv > div:nth-child(5) > div > div.el-meta.uk-heading-small.uk-margin-top.uk-margin-remove-bottom{\\n    color: #00FF18 !important;\\n}\",\"filter_align\":\"left\",\"filter_all\":true,\"filter_grid_breakpoint\":\"m\",\"filter_grid_width\":\"auto\",\"filter_position\":\"top\",\"filter_style\":\"tab\",\"grid_default\":\"1\",\"grid_medium\":\"3\",\"icon_width\":80,\"image_align\":\"top\",\"image_grid_breakpoint\":\"m\",\"image_grid_width\":\"1-2\",\"image_svg_color\":\"emphasis\",\"item_animation\":true,\"lightbox_bg_close\":true,\"link_style\":\"default\",\"link_text\":\"Read more\",\"margin\":\"default\",\"meta_align\":\"below-title\",\"meta_element\":\"div\",\"meta_style\":\"heading-small\",\"panel_padding\":\"small\",\"panel_style\":\"card-default\",\"show_content\":true,\"show_hover_image\":true,\"show_hover_video\":true,\"show_image\":true,\"show_link\":true,\"show_meta\":true,\"show_title\":true,\"show_video\":true,\"text_align\":\"center\",\"title_align\":\"top\",\"title_element\":\"h3\",\"title_grid_breakpoint\":\"m\",\"title_grid_width\":\"1-2\",\"title_hover_style\":\"reset\"},\"children\":[{\"type\":\"grid_item\",\"props\":{\"content\":\"\n\n<p>Acceso general al museo<\\\/p>\",\"meta\":\"17\\u20ac\",\"title\":\"TARIFA GENERAL\"}},{\"type\":\"grid_item\",\"props\":{\"content\":\"\n\n<p>Ni\\u00f1os de 5 a 13 a\\u00f1os, mayores de 65, Carn\\u00e9 Joven EYCA y personas con discapacidad<\\\/p>\",\"meta\":\"12\\u20ac\",\"title\":\"TARIFA REDUCIDA\"}},{\"type\":\"grid_item\",\"props\":{\"content\":\"\n\n<p>De lunes a viernes, en horario de 15:00 a 17:00, excepto festivos<\\\/p>\",\"meta\":\"12\\u20ac\",\"title\":\"PASE MEDIOD\\u00cdA\"}},{\"type\":\"grid_item\",\"props\":{\"content\":\"\n\n<p>Acceso a 2 adultos y 2 ni\\u00f1os<\\\/p>\",\"meta\":\"49\\u20ac\",\"title\":\"PACK FAMILIAR\"}},{\"type\":\"grid_item\",\"props\":{\"content\":\"\n\n<p>Disponible todos los mi\\u00e9rcoles, excepto festivos<\\\/p>\",\"meta\":\"9,90\\u20ac\",\"title\":\"D\\u00cdA DEL ESPECTADOR\"}},{\"type\":\"grid_item\",\"props\":{\"content\":\"\n\n<p>Entrada para empadronados en la Comunidad de Madrid<\\\/p>\",\"meta\":\"15\\u20ac\",\"title\":\"TARIFA EMPADRONADO\"}}]},{\"type\":\"button\",\"props\":{\"grid_column_gap\":\"small\",\"grid_row_gap\":\"small\",\"margin\":\"medium\"},\"children\":[{\"type\":\"button_item\",\"props\":{\"button_style\":\"secondary\",\"content\":\"COMPRAR ENTRADAS\",\"dialog_layout\":\"modal\",\"dialog_offcanvas_flip\":true,\"icon\":\"arrow-right\",\"icon_align\":\"right\",\"link\":\"\\\/entradas\"}}]}]},{\"type\":\"column\",\"props\":{\"image_position\":\"center-center\",\"position_sticky_breakpoint\":\"m\",\"vertical_align\":\"middle\",\"width_medium\":\"2-5\"},\"children\":[{\"type\":\"image\",\"props\":{\"css\":\".el-image{\\n    border-radius: 12px;\\n}\",\"image\":\"wp-content\\\/uploads\\\/2025\\\/10\\\/MUSEO-OXO.jpg\",\"image_svg_color\":\"emphasis\",\"margin\":\"default\"}}]}]}]}],\"version\":\"4.5.23\"} --><\/p>\n","protected":false},"excerpt":{"rendered":"<p>TARIFAS Elige tu entrada y planifica tu visita TARIFA GENERAL 17\u20ac Acceso general al museo TARIFA REDUCIDA 12\u20ac Ni\u00f1os de 5 a 13 a\u00f1os, mayores de 65, Carn\u00e9 Joven EYCA y personas con discapacidad PASE MEDIOD\u00cdA 12\u20ac De lunes a viernes, en horario de 15:00 a 17:00, excepto festivos PACK FAMILIAR 49\u20ac Acceso a 2 [&hellip;]<\/p>\n","protected":false},"author":1,"featured_media":0,"parent":0,"menu_order":0,"comment_status":"closed","ping_status":"closed","template":"","meta":{"footnotes":""},"class_list":["post-8218","page","type-page","status-publish","hentry"],"_links":{"self":[{"href":"https:\/\/oxomuseomadrid.com\/en\/wp-json\/wp\/v2\/pages\/8218","targetHints":{"allow":["GET"]}}],"collection":[{"href":"https:\/\/oxomuseomadrid.com\/en\/wp-json\/wp\/v2\/pages"}],"about":[{"href":"https:\/\/oxomuseomadrid.com\/en\/wp-json\/wp\/v2\/types\/page"}],"author":[{"embeddable":true,"href":"https:\/\/oxomuseomadrid.com\/en\/wp-json\/wp\/v2\/users\/1"}],"replies":[{"embeddable":true,"href":"https:\/\/oxomuseomadrid.com\/en\/wp-json\/wp\/v2\/comments?post=8218"}],"version-history":[{"count":30,"href":"https:\/\/oxomuseomadrid.com\/en\/wp-json\/wp\/v2\/pages\/8218\/revisions"}],"predecessor-version":[{"id":8256,"href":"https:\/\/oxomuseomadrid.com\/en\/wp-json\/wp\/v2\/pages\/8218\/revisions\/8256"}],"wp:attachment":[{"href":"https:\/\/oxomuseomadrid.com\/en\/wp-json\/wp\/v2\/media?parent=8218"}],"curies":[{"name":"wp","href":"https:\/\/api.w.org\/{rel}","templated":true}]}}